{"id":1272,"date":"2020-05-04T04:28:00","date_gmt":"2020-05-04T07:28:00","guid":{"rendered":"http:\/\/www.bikeabc.com.br\/loja\/produto\/cadeado-articulado-max-200-18mm-x-1200mm-max-trava\/"},"modified":"2020-06-25T16:21:21","modified_gmt":"2020-06-25T19:21:21","slug":"cadeado-articulado-max-200-18mm-x-1200mm-max-trava","status":"publish","type":"product","link":"https:\/\/www.bikeabc.com.br\/loja\/produto\/cadeado-articulado-max-200-18mm-x-1200mm-max-trava\/","title":{"rendered":"Cadeado Articulado Max 200 18 mm x 1200 mm Max Trava"},"content":{"rendered":"<p>Modalidade: Bike<br \/>\nModelo: MXTRA0006<br \/>\nCor: Fum\u00ea<br \/>\nTamanho: 18mm x 1200mm<br \/>\nPeso: Aproximadamente 635g<\/p>\n<p>Cadeado Articulado Max 200 18 mm x 1200 mm<br \/>\nM\u00e1xima prote\u00e7\u00e3o para a sua Bike.<br \/>\nSistema interno de alta seguran\u00e7a.<br \/>\nCabo de a\u00e7o com capa protetora.<br \/>\nTampa protetora no tambor da chave que impede a entrada de \u00e1gua.<br \/>\nCom duas chaves.<br \/>\nFoto meramente ilustrativa.<br \/>\nGarantia contra defeito de fabrica\u00e7\u00e3o.<br \/>\nC\u00f3d: MXTRA0006<\/p>\n","protected":false},"excerpt":{"rendered":"<p>Modalidade: Bike<br \/>\nModelo: MXTRA0006<br \/>\nCor: Fum\u00ea<br \/>\nTamanho: 18mm x 1200mm<br \/>\nPeso: Aproximadamente 635g<\/p>\n","protected":false},"featured_media":5894,"comment_status":"open","ping_status":"closed","template":"","meta":[],"product_brand":[],"product_cat":[120],"product_tag":[],"class_list":{"0":"post-1272","1":"product","2":"type-product","3":"status-publish","4":"has-post-thumbnail","6":"product_cat-seguranca-acessorios","7":"entry","8":"has-media","10":"first","11":"instock","12":"sale","13":"shipping-taxable","14":"purchasable","15":"product-type-simple","16":"col","17":"span_1_of_3","18":"wvn-content-left","19":"wvn-thumbs-layout-horizontal","20":"wvn-btn-normal","21":"wvn-tabs-layout-horizontal"},"_links":{"self":[{"href":"https:\/\/www.bikeabc.com.br\/loja\/wp-json\/wp\/v2\/product\/1272","targetHints":{"allow":["GET"]}}],"collection":[{"href":"https:\/\/www.bikeabc.com.br\/loja\/wp-json\/wp\/v2\/product"}],"about":[{"href":"https:\/\/www.bikeabc.com.br\/loja\/wp-json\/wp\/v2\/types\/product"}],"replies":[{"embeddable":true,"href":"https:\/\/www.bikeabc.com.br\/loja\/wp-json\/wp\/v2\/comments?post=1272"}],"wp:featuredmedia":[{"embeddable":true,"href":"https:\/\/www.bikeabc.com.br\/loja\/wp-json\/wp\/v2\/media\/5894"}],"wp:attachment":[{"href":"https:\/\/www.bikeabc.com.br\/loja\/wp-json\/wp\/v2\/media?parent=1272"}],"wp:term":[{"taxonomy":"product_brand","embeddable":true,"href":"https:\/\/www.bikeabc.com.br\/loja\/wp-json\/wp\/v2\/product_brand?post=1272"},{"taxonomy":"product_cat","embeddable":true,"href":"https:\/\/www.bikeabc.com.br\/loja\/wp-json\/wp\/v2\/product_cat?post=1272"},{"taxonomy":"product_tag","embeddable":true,"href":"https:\/\/www.bikeabc.com.br\/loja\/wp-json\/wp\/v2\/product_tag?post=1272"}],"curies":[{"name":"wp","href":"https:\/\/api.w.org\/{rel}","templated":true}]}}