{"id":3,"date":"2020-04-29T18:56:44","date_gmt":"2020-04-29T21:56:44","guid":{"rendered":"http:\/\/www.bikeabc.com.br\/loja\/?page_id=3"},"modified":"2020-06-28T22:32:16","modified_gmt":"2020-06-29T01:32:16","slug":"politica-de-privacidade","status":"publish","type":"page","link":"https:\/\/www.bikeabc.com.br\/loja\/politica-de-privacidade\/","title":{"rendered":"Pol\u00edtica de privacidade"},"content":{"rendered":"\t\t<div data-elementor-type=\"wp-page\" data-elementor-id=\"3\" class=\"elementor elementor-3\" data-elementor-settings=\"[]\">\n\t\t\t<div class=\"elementor-inner\">\n\t\t\t\t<div class=\"elementor-section-wrap\">\n\t\t\t\t\t\t\t<section class=\"has_ae_slider elementor-element elementor-element-54b14fc0 elementor-section-boxed elementor-section-height-default elementor-section-height-default ae-bg-gallery-type-default elementor-section elementor-top-section\" data-id=\"54b14fc0\" data-element_type=\"section\">\n\t\t\t\t\t\t<div class=\"elementor-container elementor-column-gap-default\">\n\t\t\t\t<div class=\"elementor-row\">\n\t\t\t\t<div class=\"has_ae_slider elementor-element elementor-element-538e8b7f ae-bg-gallery-type-default elementor-column elementor-col-100 elementor-top-column\" data-id=\"538e8b7f\" data-element_type=\"column\">\n\t\t\t<div class=\"elementor-column-wrap  elementor-element-populated\">\n\t\t\t\t\t<div class=\"elementor-widget-wrap\">\n\t\t\t\t<div class=\"elementor-element elementor-element-57b8035 vg-headding elementor-widget elementor-widget-heading\" data-id=\"57b8035\" data-element_type=\"widget\" data-widget_type=\"heading.default\">\n\t\t\t\t<div class=\"elementor-widget-container\">\n\t\t\t<h3 class=\"elementor-heading-title elementor-size-default\">SEGURAN\u00c7A:<\/h3>\t\t<\/div>\n\t\t\t\t<\/div>\n\t\t\t\t<div class=\"elementor-element elementor-element-707ad71a elementor-widget elementor-widget-text-editor\" data-id=\"707ad71a\" data-element_type=\"widget\" data-widget_type=\"text-editor.default\">\n\t\t\t\t<div class=\"elementor-widget-container\">\n\t\t\t\t\t<div class=\"elementor-text-editor elementor-clearfix\"><p><!-- wp:paragraph --><!-- \/wp:paragraph --><!-- wp:paragraph --><\/p>\n<p>Em nosso Loja Virtual BIKE ABC voc\u00ea Compra com total tranquilidade, pois temos certificado de seguran\u00e7a, garantindo toda a seguran\u00e7a para suas Compras Online.<\/p>\n<p><!-- \/wp:paragraph --><!-- wp:paragraph --><\/p>\n<p>Todas as informa\u00e7\u00f5es que trafegam entre seu computador, notebook, tablet ou celular e o nosso site s\u00e3o codificadas utilizando a mais alta tecnologia dispon\u00edvel. Assim que recebemos seus dados, logo os transferimos para nossos servidores atrav\u00e9s de um seguro sistema de transmiss\u00e3o.<\/p>\n<p><!-- \/wp:paragraph --><!-- wp:paragraph --><\/p>\n<p>Toda e qualquer transi\u00e7\u00e3o que envolver pagamento, seja por qualquer meio estar\u00e1 encriptada sob a tecnologia SSL (Secure Socket Layer).<\/p>\n<p><!-- \/wp:paragraph --><!-- wp:paragraph --><\/p>\n<p>Trocando em mi\u00fados, significa que s\u00f3 a loja e a institui\u00e7\u00e3o de pagamento escolhida por voc\u00ea tem acesso a estes dados; al\u00e9m disso, a partir do momento em que s\u00e3o enviados, s\u00e3o tamb\u00e9m criptografados, permanecendo confidenciais mesmo durante tr\u00e2nsito em web.<\/p>\n<p><!-- \/wp:paragraph --><!-- wp:paragraph --><\/p>\n<p>Este procedimento n\u00e3o permite que terceiros tenham acesso \u00e0s suas informa\u00e7\u00f5es pessoais e aos dados de seu cart\u00e3o de cr\u00e9dito.<\/p>\n<p><!-- \/wp:paragraph --><!-- wp:paragraph --><\/p>\n<p>Aliado a isso, a fim de garantir sua seguran\u00e7a, n\u00e3o guardamos as informa\u00e7\u00f5es referentes ao seu cart\u00e3o de cr\u00e9dito depois de finalizado o processo de sua compra.<\/p>\n<p><!-- \/wp:paragraph --><!-- wp:paragraph --><\/p>\n<p>Tudo isto \u00e9 feito para que voc\u00ea possa ter ainda mais conforto e tranquilidade ao COMPRAR em nossa loja virtual.<\/p>\n<p><!-- \/wp:paragraph --><\/p><\/div>\n\t\t\t\t<\/div>\n\t\t\t\t<\/div>\n\t\t\t\t<div class=\"elementor-element elementor-element-83dffe4 vg-headding elementor-widget elementor-widget-heading\" data-id=\"83dffe4\" data-element_type=\"widget\" data-widget_type=\"heading.default\">\n\t\t\t\t<div class=\"elementor-widget-container\">\n\t\t\t<h3 class=\"elementor-heading-title elementor-size-default\">PRIVACIDADE:<\/h3>\t\t<\/div>\n\t\t\t\t<\/div>\n\t\t\t\t<div class=\"elementor-element elementor-element-c48e47c elementor-widget elementor-widget-text-editor\" data-id=\"c48e47c\" data-element_type=\"widget\" data-widget_type=\"text-editor.default\">\n\t\t\t\t<div class=\"elementor-widget-container\">\n\t\t\t\t\t<div class=\"elementor-text-editor elementor-clearfix\"><p>Temos um enorme apre\u00e7o pela individualidade e privacidade de seus usu\u00e1rios, tendo o m\u00e1ximo respeito pelo sigilo de informa\u00e7\u00f5es obtidas atrav\u00e9s de nossa loja virtual.<\/p>\n<p>Nosso compromisso \u00e9 manter em sigilo absoluto todas e quaisquer informa\u00e7\u00f5es de nossos usu\u00e1rios, obtidas atrav\u00e9s de nossa loja virtual, respeitadas as exce\u00e7\u00f5es previstas nesta pol\u00edtica.<\/p><\/div>\n\t\t\t\t<\/div>\n\t\t\t\t<\/div>\n\t\t\t\t<div class=\"elementor-element elementor-element-fabffd6 vg-headding elementor-widget elementor-widget-heading\" data-id=\"fabffd6\" data-element_type=\"widget\" data-widget_type=\"heading.default\">\n\t\t\t\t<div class=\"elementor-widget-container\">\n\t\t\t<h3 class=\"elementor-heading-title elementor-size-default\">USO DAS INFORMA\u00c7\u00d5ES:<\/h3>\t\t<\/div>\n\t\t\t\t<\/div>\n\t\t\t\t<div class=\"elementor-element elementor-element-f7dad43 elementor-widget elementor-widget-text-editor\" data-id=\"f7dad43\" data-element_type=\"widget\" data-widget_type=\"text-editor.default\">\n\t\t\t\t<div class=\"elementor-widget-container\">\n\t\t\t\t\t<div class=\"elementor-text-editor elementor-clearfix\"><p>As informa\u00e7\u00f5es fornecidas por voc\u00ea ser\u00e3o mantidas em sigilo e ser\u00e3o utilizadas apenas para agilizar sua rela\u00e7\u00e3o de cliente com nossa loja virtual. Entre outras coisas, desejamos ajud\u00e1-lo a encontrar as informa\u00e7\u00f5es que voc\u00ea precisa mais rapidamente no nosso site e inform\u00e1-lo sobre atualiza\u00e7\u00f5es de produtos, OFERTAS especiais e novos servi\u00e7os da loja virtual.<\/p>\n<p>Todas as informa\u00e7\u00f5es consideradas sigilosas, para efeito desta pol\u00edtica, ser\u00e3o usadas exclusivamente por n\u00f3s, objetivando o aprimoramento de nossa rela\u00e7\u00e3o com voc\u00ea.<\/p>\n<p>Informa\u00e7\u00f5es pessoais e individuais n\u00e3o ser\u00e3o vendidas ou repassadas por nossa loja a terceiros sob nenhuma hip\u00f3tese.<\/p>\n<p>\u00c9 certo que a BIKE ABC, em nenhuma hip\u00f3tese, ir\u00e1 valer-se dos mesmos para outros fins, sen\u00e3o o processamento dos pedidos requeridos.<\/p>\n<p>A nossa loja se reserva o direito de produzir an\u00e1lises estat\u00edsticas agregadas de caracter\u00edsticas ou comportamento de seus usu\u00e1rios, objetivando a medi\u00e7\u00e3o de interesse na procura de produtos e servi\u00e7os colocados \u00e0 disposi\u00e7\u00e3o em nossa Loja Virtual.<\/p>\n<p>Tais an\u00e1lises poder\u00e3o, a exclusivo crit\u00e9rio de nossa loja, ser informadas aos seus parceiros comerciais, utilizadas em material promocional ou publicit\u00e1rio, publicadas no site sob forma de not\u00edcia ou mat\u00e9rias jornal\u00edsticas.<\/p>\n<p>A Loja Virtual da BIKE ABC foi desenvolvida com tecnologia de ponta, o que permite um controle r\u00edgido sobre as suas informa\u00e7\u00f5es pessoais.<\/p><\/div>\n\t\t\t\t<\/div>\n\t\t\t\t<\/div>\n\t\t\t\t\t\t<\/div>\n\t\t\t<\/div>\n\t\t<\/div>\n\t\t\t\t\t\t<\/div>\n\t\t\t<\/div>\n\t\t<\/section>\n\t\t\t\t\t\t<\/div>\n\t\t\t<\/div>\n\t\t<\/div>\n\t\t","protected":false},"excerpt":{"rendered":"<p>SEGURAN\u00c7A: Em nosso Loja Virtual BIKE ABC voc\u00ea Compra com total tranquilidade, pois temos certificado de seguran\u00e7a, garantindo toda a seguran\u00e7a para suas Compras Online. Todas as informa\u00e7\u00f5es que trafegam entre seu computador, notebook, tablet ou celular e o nosso site s\u00e3o codificadas utilizando a mais alta tecnologia dispon\u00edvel. Assim que recebemos seus dados, logo [&hellip;]<\/p>\n","protected":false},"author":1,"featured_media":0,"parent":0,"menu_order":0,"comment_status":"closed","ping_status":"open","template":"","meta":{"footnotes":""},"yst_prominent_words":[],"class_list":["post-3","page","type-page","status-publish","hentry","entry","wvn-thumbs-layout-horizontal","wvn-btn-normal","wvn-tabs-layout-horizontal","has-no-thumbnails"],"_links":{"self":[{"href":"https:\/\/www.bikeabc.com.br\/loja\/wp-json\/wp\/v2\/pages\/3","targetHints":{"allow":["GET"]}}],"collection":[{"href":"https:\/\/www.bikeabc.com.br\/loja\/wp-json\/wp\/v2\/pages"}],"about":[{"href":"https:\/\/www.bikeabc.com.br\/loja\/wp-json\/wp\/v2\/types\/page"}],"author":[{"embeddable":true,"href":"https:\/\/www.bikeabc.com.br\/loja\/wp-json\/wp\/v2\/users\/1"}],"replies":[{"embeddable":true,"href":"https:\/\/www.bikeabc.com.br\/loja\/wp-json\/wp\/v2\/comments?post=3"}],"version-history":[{"count":4,"href":"https:\/\/www.bikeabc.com.br\/loja\/wp-json\/wp\/v2\/pages\/3\/revisions"}],"predecessor-version":[{"id":6466,"href":"https:\/\/www.bikeabc.com.br\/loja\/wp-json\/wp\/v2\/pages\/3\/revisions\/6466"}],"wp:attachment":[{"href":"https:\/\/www.bikeabc.com.br\/loja\/wp-json\/wp\/v2\/media?parent=3"}],"wp:term":[{"taxonomy":"yst_prominent_words","embeddable":true,"href":"https:\/\/www.bikeabc.com.br\/loja\/wp-json\/wp\/v2\/yst_prominent_words?post=3"}],"curies":[{"name":"wp","href":"https:\/\/api.w.org\/{rel}","templated":true}]}}