{"id":6972,"date":"2022-03-25T09:24:27","date_gmt":"2022-03-25T12:24:27","guid":{"rendered":"http:\/\/www.bikeabc.com.br\/loja\/?post_type=product&#038;p=6972"},"modified":"2022-03-25T10:29:34","modified_gmt":"2022-03-25T13:29:34","slug":"pedivela-absolute-prime-d-a12-34-d-10-11-12v-mov-central","status":"publish","type":"product","link":"http:\/\/www.bikeabc.com.br\/loja\/produto\/pedivela-absolute-prime-d-a12-34-d-10-11-12v-mov-central\/","title":{"rendered":"Pedivela Absolute Prime D A12 34 D. 10\/11\/12v Mov. Central"},"content":{"rendered":"<p>Fabricante: Absolute<br \/>\nModelo: Prime D A12<br \/>\nModalidade: Mountain Bike, XC entre outras.<br \/>\nCompatibilidade: 10, 11 e 12 Velocidades<br \/>\nCor: Preto Fosco<br \/>\nComposi\u00e7\u00e3o: Alum\u00ednio e A\u00e7o Carbono<br \/>\nBra\u00e7o: 175 mm<br \/>\nCoroa \u00danica 34 Dentes Direct Mount<br \/>\nRosca do pedal: 9\/16 ( Rosca Grossa )<br \/>\nEixo Central Integrado: 68-73mm<br \/>\nProced\u00eancia: Importado<br \/>\nPeso Completo: 850 g. (Aproximado)<\/p>\n<p>&#8211; Acompanha Movimento Central integrado<\/p>\n<p>ROCOMO COM\u00c9RCIO DE BICICLETAS LTDA<br \/>\nLOJA F\u00cdSICA DESDE 1986<\/p>\n","protected":false},"excerpt":{"rendered":"<p>Fabricante: Absolute Modelo: Prime D A12 Modalidade: Mountain Bike, XC entre outras. Compatibilidade: 10, 11 e 12 Velocidades Cor: Preto Fosco Composi\u00e7\u00e3o: Alum\u00ednio e A\u00e7o Carbono Bra\u00e7o: 175 mm Coroa \u00danica 34 Dentes Direct Mount Rosca do pedal: 9\/16 ( Rosca Grossa ) Eixo Central Integrado: 68-73mm Proced\u00eancia: Importado Peso Completo: 850 g. (Aproximado) &#8211; [&hellip;]<\/p>\n","protected":false},"featured_media":6976,"comment_status":"open","ping_status":"closed","template":"","meta":[],"product_brand":[],"product_cat":[108],"product_tag":[230,229,228,232,233,234,231],"class_list":{"0":"post-6972","1":"product","2":"type-product","3":"status-publish","4":"has-post-thumbnail","6":"product_cat-acessorios-acessorios","7":"product_tag-comprar-pedivela","8":"product_tag-pedivela-bicicleta","9":"product_tag-pedivela-bike","10":"product_tag-pedivela-boa","11":"product_tag-pedivela-para-bicicleta","12":"product_tag-pedivela-para-bike","13":"product_tag-quero-comprar-pedivela","14":"entry","15":"has-media","17":"first","18":"instock","19":"shipping-taxable","20":"purchasable","21":"product-type-simple","22":"col","23":"span_1_of_3","24":"wvn-content-left","25":"wvn-thumbs-layout-horizontal","26":"wvn-btn-normal","27":"wvn-tabs-layout-horizontal"},"_links":{"self":[{"href":"http:\/\/www.bikeabc.com.br\/loja\/wp-json\/wp\/v2\/product\/6972","targetHints":{"allow":["GET"]}}],"collection":[{"href":"http:\/\/www.bikeabc.com.br\/loja\/wp-json\/wp\/v2\/product"}],"about":[{"href":"http:\/\/www.bikeabc.com.br\/loja\/wp-json\/wp\/v2\/types\/product"}],"replies":[{"embeddable":true,"href":"http:\/\/www.bikeabc.com.br\/loja\/wp-json\/wp\/v2\/comments?post=6972"}],"wp:featuredmedia":[{"embeddable":true,"href":"http:\/\/www.bikeabc.com.br\/loja\/wp-json\/wp\/v2\/media\/6976"}],"wp:attachment":[{"href":"http:\/\/www.bikeabc.com.br\/loja\/wp-json\/wp\/v2\/media?parent=6972"}],"wp:term":[{"taxonomy":"product_brand","embeddable":true,"href":"http:\/\/www.bikeabc.com.br\/loja\/wp-json\/wp\/v2\/product_brand?post=6972"},{"taxonomy":"product_cat","embeddable":true,"href":"http:\/\/www.bikeabc.com.br\/loja\/wp-json\/wp\/v2\/product_cat?post=6972"},{"taxonomy":"product_tag","embeddable":true,"href":"http:\/\/www.bikeabc.com.br\/loja\/wp-json\/wp\/v2\/product_tag?post=6972"}],"curies":[{"name":"wp","href":"https:\/\/api.w.org\/{rel}","templated":true}]}}