{"id":6952,"date":"2022-03-25T08:54:20","date_gmt":"2022-03-25T11:54:20","guid":{"rendered":"http:\/\/www.bikeabc.com.br\/loja\/?post_type=product&#038;p=6952"},"modified":"2022-03-25T10:59:05","modified_gmt":"2022-03-25T13:59:05","slug":"cesta-tecido-high-one-bike-engate-rapido-alca-transporte","status":"publish","type":"product","link":"http:\/\/www.bikeabc.com.br\/loja\/produto\/cesta-tecido-high-one-bike-engate-rapido-alca-transporte\/","title":{"rendered":"Cesta Tecido High One Bike Engate R\u00e1pido + Al\u00e7a Transporte"},"content":{"rendered":"<p>A cesta de guid\u00e3o da High One. Desenvolvida em tecido de alta resist\u00eancia com arma\u00e7\u00e3o em alum\u00ednio, suporta at\u00e9 5kg, possui sistema encaixe r\u00e1pido, al\u00e7a emborrachada para mais conforto nas m\u00e3os e bolso interno para guardar documentos ou pequenos objetos. Pode ser achata para ocupar menos espa\u00e7o quando n\u00e3o estiver sendo utilizada. Pr\u00e1tica, leve e resistente, \u00fatil para quem pedala no dia a dia.<\/p>\n<p>Fabricante: High One<br \/>\nCor: Preto<br \/>\nSuporta: 5 kg &#8211; 620 ml<br \/>\nComposi\u00e7\u00e3o: Poliester \/ Alum\u00ednio<br \/>\nDimens\u00f5es: &#8211; C: 35 cm \/ L: 25 cm \/ A: 23 cm<br \/>\nIntens\u00e3o de Uso: Casual<br \/>\nAplica\u00e7\u00e3o: Bicicletas<br \/>\nProced\u00eancia: Importado<br \/>\nPeso: 865 g. ( Completo )<\/p>\n<p>&#8211; Z\u00edper interno<br \/>\n&#8211; Haste para segurar com prote\u00e7\u00e3o em borracha<br \/>\n&#8211; Haste em alum\u00ednio<br \/>\n&#8211; Tecido fixado por velcro<br \/>\n&#8211; F\u00e1cil remo\u00e7\u00e3o<br \/>\n&#8211; Adapt\u00e1vel em todas as bikes<br \/>\n&#8211; Sistema simples e seguro de encaixe na bicicleta<\/p>\n<p>ROCOMO COM\u00c9RCIO DE BICICLETAS LTDA<br \/>\nLOJA F\u00cdSICA DESDE 1986<\/p>\n","protected":false},"excerpt":{"rendered":"<p>A cesta de guid\u00e3o da High One. Desenvolvida em tecido de alta resist\u00eancia com arma\u00e7\u00e3o em alum\u00ednio, suporta at\u00e9 5kg, possui sistema encaixe r\u00e1pido, al\u00e7a emborrachada para mais conforto nas m\u00e3os e bolso interno para guardar documentos ou pequenos objetos. Pode ser achata para ocupar menos espa\u00e7o quando n\u00e3o estiver sendo utilizada. Pr\u00e1tica, leve e [&hellip;]<\/p>\n","protected":false},"featured_media":6954,"comment_status":"open","ping_status":"closed","template":"","meta":[],"product_brand":[],"product_cat":[108],"product_tag":[227,226],"class_list":{"0":"post-6952","1":"product","2":"type-product","3":"status-publish","4":"has-post-thumbnail","6":"product_cat-acessorios-acessorios","7":"product_tag-cesta-bicicleta","8":"product_tag-cesta-bike","9":"entry","10":"has-media","12":"first","13":"instock","14":"shipping-taxable","15":"purchasable","16":"product-type-simple","17":"col","18":"span_1_of_3","19":"wvn-content-left","20":"wvn-thumbs-layout-horizontal","21":"wvn-btn-normal","22":"wvn-tabs-layout-horizontal"},"_links":{"self":[{"href":"http:\/\/www.bikeabc.com.br\/loja\/wp-json\/wp\/v2\/product\/6952","targetHints":{"allow":["GET"]}}],"collection":[{"href":"http:\/\/www.bikeabc.com.br\/loja\/wp-json\/wp\/v2\/product"}],"about":[{"href":"http:\/\/www.bikeabc.com.br\/loja\/wp-json\/wp\/v2\/types\/product"}],"replies":[{"embeddable":true,"href":"http:\/\/www.bikeabc.com.br\/loja\/wp-json\/wp\/v2\/comments?post=6952"}],"wp:featuredmedia":[{"embeddable":true,"href":"http:\/\/www.bikeabc.com.br\/loja\/wp-json\/wp\/v2\/media\/6954"}],"wp:attachment":[{"href":"http:\/\/www.bikeabc.com.br\/loja\/wp-json\/wp\/v2\/media?parent=6952"}],"wp:term":[{"taxonomy":"product_brand","embeddable":true,"href":"http:\/\/www.bikeabc.com.br\/loja\/wp-json\/wp\/v2\/product_brand?post=6952"},{"taxonomy":"product_cat","embeddable":true,"href":"http:\/\/www.bikeabc.com.br\/loja\/wp-json\/wp\/v2\/product_cat?post=6952"},{"taxonomy":"product_tag","embeddable":true,"href":"http:\/\/www.bikeabc.com.br\/loja\/wp-json\/wp\/v2\/product_tag?post=6952"}],"curies":[{"name":"wp","href":"https:\/\/api.w.org\/{rel}","templated":true}]}}