{"id":6843,"date":"2022-03-25T14:02:20","date_gmt":"2022-03-25T17:02:20","guid":{"rendered":"http:\/\/www.bikeabc.com.br\/loja\/?post_type=product&#038;p=6843"},"modified":"2022-03-25T11:00:33","modified_gmt":"2022-03-25T14:00:33","slug":"velocimetro-ciclocomputador-elleven-f11-com-fio-luz-interna","status":"publish","type":"product","link":"http:\/\/www.bikeabc.com.br\/loja\/produto\/velocimetro-ciclocomputador-elleven-f11-com-fio-luz-interna\/","title":{"rendered":"Veloc\u00edmetro Ciclocomputador Elleven F11 Com Fio Luz Interna"},"content":{"rendered":"<p>Fabricante: Elleven<br \/>\nModelo: F11 com Fio<br \/>\nPeso: 55 g. (kit completo)<br \/>\nProced\u00eancia: Importado<br \/>\nTamanho Display: C &#8211; 6 cm x L &#8211; 4,5 cm x A &#8211; 1,5 cm<br \/>\nTela com Multi Fun\u00e7\u00f5es<br \/>\nD\u00edgitos maiores na fun\u00e7\u00e3o Principal<br \/>\nLuz Interna<\/p>\n<p>11 Fun\u00e7\u00f5es:<br \/>\n&#8211; Velocidade<br \/>\n&#8211; Velocidade M\u00e9dia<br \/>\n&#8211; Velocidade M\u00e1xima<br \/>\n&#8211; Dist\u00e2ncia da Viagem<br \/>\n&#8211; Od\u00f4metro<br \/>\n&#8211; Tempo de Pedalada<br \/>\n&#8211; Rel\u00f3gio 12 \/ 24 Horas<br \/>\n&#8211; Parada do Cron\u00f4metro<br \/>\n&#8211; Modo KM ou Milhas<br \/>\n&#8211; Liga\/Desliga Autom\u00e1tico<br \/>\n&#8211; Luz Interna<\/p>\n<p>ROCOMO COM\u00c9RCIO DE BICICLETAS LTDA<br \/>\nLOJA F\u00cdSICA DESDE 1986<\/p>\n","protected":false},"excerpt":{"rendered":"<p>Fabricante: Elleven Modelo: F11 com Fio Peso: 55 g. (kit completo) Proced\u00eancia: Importado Tamanho Display: C &#8211; 6 cm x L &#8211; 4,5 cm x A &#8211; 1,5 cm Tela com Multi Fun\u00e7\u00f5es D\u00edgitos maiores na fun\u00e7\u00e3o Principal Luz Interna 11 Fun\u00e7\u00f5es: &#8211; Velocidade &#8211; Velocidade M\u00e9dia &#8211; Velocidade M\u00e1xima &#8211; Dist\u00e2ncia da Viagem &#8211; [&hellip;]<\/p>\n","protected":false},"featured_media":6850,"comment_status":"open","ping_status":"closed","template":"","meta":[],"product_brand":[],"product_cat":[108],"product_tag":[209,208,210],"class_list":{"0":"post-6843","1":"product","2":"type-product","3":"status-publish","4":"has-post-thumbnail","6":"product_cat-acessorios-acessorios","7":"product_tag-comprar-velocimetro","8":"product_tag-velocimetro","9":"product_tag-velocimetro-bike","10":"entry","11":"has-media","13":"first","14":"instock","15":"shipping-taxable","16":"purchasable","17":"product-type-simple","18":"col","19":"span_1_of_3","20":"wvn-content-left","21":"wvn-thumbs-layout-horizontal","22":"wvn-btn-normal","23":"wvn-tabs-layout-horizontal"},"_links":{"self":[{"href":"http:\/\/www.bikeabc.com.br\/loja\/wp-json\/wp\/v2\/product\/6843","targetHints":{"allow":["GET"]}}],"collection":[{"href":"http:\/\/www.bikeabc.com.br\/loja\/wp-json\/wp\/v2\/product"}],"about":[{"href":"http:\/\/www.bikeabc.com.br\/loja\/wp-json\/wp\/v2\/types\/product"}],"replies":[{"embeddable":true,"href":"http:\/\/www.bikeabc.com.br\/loja\/wp-json\/wp\/v2\/comments?post=6843"}],"wp:featuredmedia":[{"embeddable":true,"href":"http:\/\/www.bikeabc.com.br\/loja\/wp-json\/wp\/v2\/media\/6850"}],"wp:attachment":[{"href":"http:\/\/www.bikeabc.com.br\/loja\/wp-json\/wp\/v2\/media?parent=6843"}],"wp:term":[{"taxonomy":"product_brand","embeddable":true,"href":"http:\/\/www.bikeabc.com.br\/loja\/wp-json\/wp\/v2\/product_brand?post=6843"},{"taxonomy":"product_cat","embeddable":true,"href":"http:\/\/www.bikeabc.com.br\/loja\/wp-json\/wp\/v2\/product_cat?post=6843"},{"taxonomy":"product_tag","embeddable":true,"href":"http:\/\/www.bikeabc.com.br\/loja\/wp-json\/wp\/v2\/product_tag?post=6843"}],"curies":[{"name":"wp","href":"https:\/\/api.w.org\/{rel}","templated":true}]}}