{"id":6804,"date":"2022-03-25T00:00:04","date_gmt":"2022-03-25T03:00:04","guid":{"rendered":"http:\/\/www.bikeabc.com.br\/loja\/?post_type=product&#038;p=6804"},"modified":"2024-09-21T13:00:08","modified_gmt":"2024-09-21T16:00:08","slug":"maleta-estojo-de-ferramentas-bike-bicicleta-kenli-18-pecas","status":"publish","type":"product","link":"http:\/\/www.bikeabc.com.br\/loja\/produto\/maleta-estojo-de-ferramentas-bike-bicicleta-kenli-18-pecas\/","title":{"rendered":"Maleta Estojo De Ferramentas Bike Bicicleta Kenli 18 Pe\u00e7as"},"content":{"rendered":"<p>Fabricante: Kenli<br \/>\nAplica\u00e7\u00e3o: Uso Hobby<br \/>\nPeso: 1.675 g.<br \/>\nDimens\u00e3o ( Maleta ): L &#8211; 27 cm x A &#8211; 22 cm x C &#8211; 6,5 cm<br \/>\nProced\u00eancia: Importado<\/p>\n<p>18 Pe\u00e7as:<br \/>\n01 Estojo para Ferramentas Cinza<br \/>\n01 Chave de Raio<br \/>\n01 Canivete Allen 7 Fun\u00e7\u00f5es<br \/>\n01 Kit Remendo c\/ Estojo<br \/>\n01 Chave Boca 8 \/ 10<br \/>\n01 Extrator Pedivela Ponta Quadrada<br \/>\n02 Chave p\/ C\u00f4nico 13\/15 \u2013 14\/16<br \/>\n01 Chave Allen 8 p\/ Parafuso Caixa de Centro<br \/>\n01 Extrator de Catraca e K7<br \/>\n03 Espatula Nylon<br \/>\n01 Extrator Movimento Central 34.7 mm<br \/>\n01 Extrator de Corrente<br \/>\n01 Chave Philips<br \/>\n01 Extrator Tampa Pedivela Hollowtec<br \/>\n01 Extrator Movimento Central Hollowtech<\/p>\n<p>ROCOMO COM\u00c9RCIO DE BICICLETAS LTDA<br \/>\nLOJA F\u00cdSICA DESDE 1986<\/p>\n","protected":false},"excerpt":{"rendered":"<p>Fabricante: Kenli Aplica\u00e7\u00e3o: Uso Hobby Peso: 1.675 g. Dimens\u00e3o ( Maleta ): L &#8211; 27 cm x A &#8211; 22 cm x C &#8211; 6,5 cm Proced\u00eancia: Importado 18 Pe\u00e7as: 01 Estojo para Ferramentas Cinza 01 Chave de Raio 01 Canivete Allen 7 Fun\u00e7\u00f5es 01 Kit Remendo c\/ Estojo 01 Chave Boca 8 \/ 10 [&hellip;]<\/p>\n","protected":false},"featured_media":6806,"comment_status":"open","ping_status":"closed","template":"","meta":[],"product_brand":[],"product_cat":[108],"product_tag":[197,199,198,196],"class_list":{"0":"post-6804","1":"product","2":"type-product","3":"status-publish","4":"has-post-thumbnail","6":"product_cat-acessorios-acessorios","7":"product_tag-estojo-de-fearrmentas-bike","8":"product_tag-estojo-de-ferramentas-bicicleta","9":"product_tag-ferramentas-bicicleta","10":"product_tag-ferramentas-para-bike","11":"entry","12":"has-media","14":"first","15":"instock","16":"shipping-taxable","17":"purchasable","18":"product-type-simple","19":"col","20":"span_1_of_3","21":"wvn-content-left","22":"wvn-thumbs-layout-horizontal","23":"wvn-btn-normal","24":"wvn-tabs-layout-horizontal"},"_links":{"self":[{"href":"http:\/\/www.bikeabc.com.br\/loja\/wp-json\/wp\/v2\/product\/6804","targetHints":{"allow":["GET"]}}],"collection":[{"href":"http:\/\/www.bikeabc.com.br\/loja\/wp-json\/wp\/v2\/product"}],"about":[{"href":"http:\/\/www.bikeabc.com.br\/loja\/wp-json\/wp\/v2\/types\/product"}],"replies":[{"embeddable":true,"href":"http:\/\/www.bikeabc.com.br\/loja\/wp-json\/wp\/v2\/comments?post=6804"}],"wp:featuredmedia":[{"embeddable":true,"href":"http:\/\/www.bikeabc.com.br\/loja\/wp-json\/wp\/v2\/media\/6806"}],"wp:attachment":[{"href":"http:\/\/www.bikeabc.com.br\/loja\/wp-json\/wp\/v2\/media?parent=6804"}],"wp:term":[{"taxonomy":"product_brand","embeddable":true,"href":"http:\/\/www.bikeabc.com.br\/loja\/wp-json\/wp\/v2\/product_brand?post=6804"},{"taxonomy":"product_cat","embeddable":true,"href":"http:\/\/www.bikeabc.com.br\/loja\/wp-json\/wp\/v2\/product_cat?post=6804"},{"taxonomy":"product_tag","embeddable":true,"href":"http:\/\/www.bikeabc.com.br\/loja\/wp-json\/wp\/v2\/product_tag?post=6804"}],"curies":[{"name":"wp","href":"https:\/\/api.w.org\/{rel}","templated":true}]}}