{"id":6794,"date":"2022-03-25T11:00:54","date_gmt":"2022-03-25T14:00:54","guid":{"rendered":"http:\/\/www.bikeabc.com.br\/loja\/?post_type=product&#038;p=6794"},"modified":"2022-03-25T11:03:22","modified_gmt":"2022-03-25T14:03:22","slug":"bar-end-descanso-elleven-aluminio-com-acabamento-no-guidao","status":"publish","type":"product","link":"http:\/\/www.bikeabc.com.br\/loja\/produto\/bar-end-descanso-elleven-aluminio-com-acabamento-no-guidao\/","title":{"rendered":"Bar End Descanso Elleven Alum\u00ednio Com Acabamento No Guid\u00e3o"},"content":{"rendered":"<p>Fabricante: Elleven<br \/>\nModelo: MTB<br \/>\nComposi\u00e7\u00e3o: Aluminio<br \/>\nFormato Anat\u00f4mico<br \/>\nCor: Preto<br \/>\nDimens\u00e3o: C &#8211; 11,5 cm x L &#8211; 2,3 cm x A &#8211; 3 cm<br \/>\nPeso: 168 g. (o par)<br \/>\nProced\u00eancia: Importado<\/p>\n<p>O bar end \u00e9 um acess\u00f3rio fixado na lateral do guid\u00e3o que apoia o ciclista em subidas mais \u00edngremes, dando a possibilidade ao ciclista segurar a bicicleta com mais firmeza do que somente com o guid\u00e3o. Este acess\u00f3rio confere maior conforto, principalmente em longas pedaladas. Com o bar end \u00e9 poss\u00edvel posicionar as m\u00e3os e os pulsos de formas diferentes, ajudando a relaxar m\u00e3os e bra\u00e7os, evitando dores e formigamentos. Produto de excelente qualidade e \u00f3timo custo-benef\u00edcio.<\/p>\n<p>ROCOMO COM\u00c9RCIO DE BICICLETAS LTDA<br \/>\nLOJA F\u00cdSICA DESDE 1986<\/p>\n","protected":false},"excerpt":{"rendered":"<p>Fabricante: Elleven Modelo: MTB Composi\u00e7\u00e3o: Aluminio Formato Anat\u00f4mico Cor: Preto Dimens\u00e3o: C &#8211; 11,5 cm x L &#8211; 2,3 cm x A &#8211; 3 cm Peso: 168 g. (o par) Proced\u00eancia: Importado O bar end \u00e9 um acess\u00f3rio fixado na lateral do guid\u00e3o que apoia o ciclista em subidas mais \u00edngremes, dando a possibilidade ao [&hellip;]<\/p>\n","protected":false},"featured_media":6802,"comment_status":"open","ping_status":"closed","template":"","meta":[],"product_brand":[],"product_cat":[108],"product_tag":[192,191,190],"class_list":{"0":"post-6794","1":"product","2":"type-product","3":"status-publish","4":"has-post-thumbnail","6":"product_cat-acessorios-acessorios","7":"product_tag-bar-end-descanso-bike","8":"product_tag-bar-end-elleven","9":"product_tag-descanso-bicicleta","10":"entry","11":"has-media","13":"first","14":"instock","15":"shipping-taxable","16":"purchasable","17":"product-type-simple","18":"col","19":"span_1_of_3","20":"wvn-content-left","21":"wvn-thumbs-layout-horizontal","22":"wvn-btn-normal","23":"wvn-tabs-layout-horizontal"},"_links":{"self":[{"href":"http:\/\/www.bikeabc.com.br\/loja\/wp-json\/wp\/v2\/product\/6794","targetHints":{"allow":["GET"]}}],"collection":[{"href":"http:\/\/www.bikeabc.com.br\/loja\/wp-json\/wp\/v2\/product"}],"about":[{"href":"http:\/\/www.bikeabc.com.br\/loja\/wp-json\/wp\/v2\/types\/product"}],"replies":[{"embeddable":true,"href":"http:\/\/www.bikeabc.com.br\/loja\/wp-json\/wp\/v2\/comments?post=6794"}],"wp:featuredmedia":[{"embeddable":true,"href":"http:\/\/www.bikeabc.com.br\/loja\/wp-json\/wp\/v2\/media\/6802"}],"wp:attachment":[{"href":"http:\/\/www.bikeabc.com.br\/loja\/wp-json\/wp\/v2\/media?parent=6794"}],"wp:term":[{"taxonomy":"product_brand","embeddable":true,"href":"http:\/\/www.bikeabc.com.br\/loja\/wp-json\/wp\/v2\/product_brand?post=6794"},{"taxonomy":"product_cat","embeddable":true,"href":"http:\/\/www.bikeabc.com.br\/loja\/wp-json\/wp\/v2\/product_cat?post=6794"},{"taxonomy":"product_tag","embeddable":true,"href":"http:\/\/www.bikeabc.com.br\/loja\/wp-json\/wp\/v2\/product_tag?post=6794"}],"curies":[{"name":"wp","href":"https:\/\/api.w.org\/{rel}","templated":true}]}}