{"id":6777,"date":"2022-03-25T11:01:13","date_gmt":"2022-03-25T14:01:13","guid":{"rendered":"http:\/\/www.bikeabc.com.br\/loja\/?post_type=product&#038;p=6777"},"modified":"2022-03-25T11:04:08","modified_gmt":"2022-03-25T14:04:08","slug":"bermuda-ciclismo-masc-refactor-3xu-new-avalon-preta-c-bolso","status":"publish","type":"product","link":"http:\/\/www.bikeabc.com.br\/loja\/produto\/bermuda-ciclismo-masc-refactor-3xu-new-avalon-preta-c-bolso\/","title":{"rendered":"Bermuda Ciclismo Masc Refactor 3xu New Avalon Preta C\/ Bolso"},"content":{"rendered":"<p>Fabricante: Refactor<br \/>\nModelo: 3XU New Avalon<br \/>\nCor: Preta<br \/>\nDensidade: Tr\u00e1s 120 \/ Frente 80 \/ Lateral 60<br \/>\nComposi\u00e7\u00e3o: 85% Poliamida \/ 15% Elastano<br \/>\nProced\u00eancia: Nacional<\/p>\n<p>&#8211; Bolso com z\u00edper;<br \/>\n&#8211; Confort\u00e1vel;<br \/>\n&#8211; Modelagem Masculina Refactor;<br \/>\n&#8211; Melhor resist\u00eancia e est\u00e9tica;<br \/>\n&#8211; Alta Absor\u00e7\u00e3o de suor;<br \/>\n&#8211; Confeccionado para um pedal confort\u00e1vel de longa dist\u00e2ncias;<br \/>\n&#8211; Forro 3XU, com 3 densidades, o melhor do Brasil, com novo layout mas mesma qualidade!<\/p>\n<p>Tratamento antimicrobiano: tecnologia que inibe a propaga\u00e7\u00e3o de fungos e microorganismos evitando o mau cheiro.<\/p>\n<p>ROCOMO COM\u00c9RCIO DE BICICLETAS LTDA<br \/>\nLOJA F\u00cdSICA DESDE 1986<\/p>\n","protected":false},"excerpt":{"rendered":"<p>Fabricante: Refactor Modelo: 3XU New Avalon Cor: Preta Densidade: Tr\u00e1s 120 \/ Frente 80 \/ Lateral 60 Composi\u00e7\u00e3o: 85% Poliamida \/ 15% Elastano Proced\u00eancia: Nacional &#8211; Bolso com z\u00edper; &#8211; Confort\u00e1vel; &#8211; Modelagem Masculina Refactor; &#8211; Melhor resist\u00eancia e est\u00e9tica; &#8211; Alta Absor\u00e7\u00e3o de suor; &#8211; Confeccionado para um pedal confort\u00e1vel de longa dist\u00e2ncias; &#8211; [&hellip;]<\/p>\n","protected":false},"featured_media":6778,"comment_status":"open","ping_status":"closed","template":"","meta":[],"product_brand":[],"product_cat":[108],"product_tag":[188,186,187],"class_list":{"0":"post-6777","1":"product","2":"type-product","3":"status-publish","4":"has-post-thumbnail","6":"product_cat-acessorios-acessorios","7":"product_tag-bermuda-cicilismo-comprar","8":"product_tag-bermuda-ciclismo","9":"product_tag-comprar-bermuda-de-cicilismo","10":"entry","11":"has-media","13":"first","14":"instock","15":"shipping-taxable","16":"purchasable","17":"product-type-simple","18":"col","19":"span_1_of_3","20":"wvn-content-left","21":"wvn-thumbs-layout-horizontal","22":"wvn-btn-normal","23":"wvn-tabs-layout-horizontal"},"_links":{"self":[{"href":"http:\/\/www.bikeabc.com.br\/loja\/wp-json\/wp\/v2\/product\/6777","targetHints":{"allow":["GET"]}}],"collection":[{"href":"http:\/\/www.bikeabc.com.br\/loja\/wp-json\/wp\/v2\/product"}],"about":[{"href":"http:\/\/www.bikeabc.com.br\/loja\/wp-json\/wp\/v2\/types\/product"}],"replies":[{"embeddable":true,"href":"http:\/\/www.bikeabc.com.br\/loja\/wp-json\/wp\/v2\/comments?post=6777"}],"wp:featuredmedia":[{"embeddable":true,"href":"http:\/\/www.bikeabc.com.br\/loja\/wp-json\/wp\/v2\/media\/6778"}],"wp:attachment":[{"href":"http:\/\/www.bikeabc.com.br\/loja\/wp-json\/wp\/v2\/media?parent=6777"}],"wp:term":[{"taxonomy":"product_brand","embeddable":true,"href":"http:\/\/www.bikeabc.com.br\/loja\/wp-json\/wp\/v2\/product_brand?post=6777"},{"taxonomy":"product_cat","embeddable":true,"href":"http:\/\/www.bikeabc.com.br\/loja\/wp-json\/wp\/v2\/product_cat?post=6777"},{"taxonomy":"product_tag","embeddable":true,"href":"http:\/\/www.bikeabc.com.br\/loja\/wp-json\/wp\/v2\/product_tag?post=6777"}],"curies":[{"name":"wp","href":"https:\/\/api.w.org\/{rel}","templated":true}]}}