{"id":6751,"date":"2022-03-25T10:31:11","date_gmt":"2022-03-25T13:31:11","guid":{"rendered":"http:\/\/www.bikeabc.com.br\/loja\/?post_type=product&#038;p=6751"},"modified":"2022-03-25T11:05:13","modified_gmt":"2022-03-25T14:05:13","slug":"suspensao-garfo-aro-29-trava-no-ombro-regulagem-rad7-concept","status":"publish","type":"product","link":"http:\/\/www.bikeabc.com.br\/loja\/produto\/suspensao-garfo-aro-29-trava-no-ombro-regulagem-rad7-concept\/","title":{"rendered":"Suspens\u00e3o Garfo Aro 29 Trava No Ombro Regulagem Rad7 Concept"},"content":{"rendered":"<p>Fabricante: Rad7<br \/>\nModelo: Concept<br \/>\nCor: Preta \/ Cromada<br \/>\nCurso: 100 mm<br \/>\nAro: 29&#8243;<br \/>\nComposi\u00e7\u00e3o: Bengala em A\u00e7o e Ombro em Alum\u00ednio<br \/>\nPeso: 2.885 g. (Aproximado)<br \/>\nProced\u00eancia: Importado<br \/>\n&#8211; Trava no Ombro;<br \/>\n&#8211; Regulagem de Press\u00e3o;<br \/>\n&#8211; SOMENTE para Freios a Disco.<\/p>\n<p>ROCOMO COM\u00c9RCIO DE BICICLETAS LTDA<br \/>\nLOJA F\u00cdSICA DESDE 1986<\/p>\n","protected":false},"excerpt":{"rendered":"<p>Fabricante: Rad7 Modelo: Concept Cor: Preta \/ Cromada Curso: 100 mm Aro: 29&#8243; Composi\u00e7\u00e3o: Bengala em A\u00e7o e Ombro em Alum\u00ednio Peso: 2.885 g. (Aproximado) Proced\u00eancia: Importado &#8211; Trava no Ombro; &#8211; Regulagem de Press\u00e3o; &#8211; SOMENTE para Freios a Disco. ROCOMO COM\u00c9RCIO DE BICICLETAS LTDA LOJA F\u00cdSICA DESDE 1986<\/p>\n","protected":false},"featured_media":6753,"comment_status":"open","ping_status":"closed","template":"","meta":[],"product_brand":[],"product_cat":[136],"product_tag":[177,166,252,176,165,250,251],"class_list":{"0":"post-6751","1":"product","2":"type-product","3":"status-publish","4":"has-post-thumbnail","6":"product_cat-suspensao","7":"product_tag-comprar-suspensao-aro-29","8":"product_tag-quero-comprar-suspensao-de-bike","9":"product_tag-suspensao-abc","10":"product_tag-suspensao-aro-29","11":"product_tag-suspensao-bicicleta","12":"product_tag-suspensao-ribeirao-pires","13":"product_tag-suspensao-sao-caetano","14":"entry","15":"has-media","17":"first","18":"instock","19":"featured","20":"shipping-taxable","21":"purchasable","22":"product-type-simple","23":"col","24":"span_1_of_3","25":"wvn-content-left","26":"wvn-thumbs-layout-horizontal","27":"wvn-btn-normal","28":"wvn-tabs-layout-horizontal"},"_links":{"self":[{"href":"http:\/\/www.bikeabc.com.br\/loja\/wp-json\/wp\/v2\/product\/6751","targetHints":{"allow":["GET"]}}],"collection":[{"href":"http:\/\/www.bikeabc.com.br\/loja\/wp-json\/wp\/v2\/product"}],"about":[{"href":"http:\/\/www.bikeabc.com.br\/loja\/wp-json\/wp\/v2\/types\/product"}],"replies":[{"embeddable":true,"href":"http:\/\/www.bikeabc.com.br\/loja\/wp-json\/wp\/v2\/comments?post=6751"}],"wp:featuredmedia":[{"embeddable":true,"href":"http:\/\/www.bikeabc.com.br\/loja\/wp-json\/wp\/v2\/media\/6753"}],"wp:attachment":[{"href":"http:\/\/www.bikeabc.com.br\/loja\/wp-json\/wp\/v2\/media?parent=6751"}],"wp:term":[{"taxonomy":"product_brand","embeddable":true,"href":"http:\/\/www.bikeabc.com.br\/loja\/wp-json\/wp\/v2\/product_brand?post=6751"},{"taxonomy":"product_cat","embeddable":true,"href":"http:\/\/www.bikeabc.com.br\/loja\/wp-json\/wp\/v2\/product_cat?post=6751"},{"taxonomy":"product_tag","embeddable":true,"href":"http:\/\/www.bikeabc.com.br\/loja\/wp-json\/wp\/v2\/product_tag?post=6751"}],"curies":[{"name":"wp","href":"https:\/\/api.w.org\/{rel}","templated":true}]}}