{"id":6733,"date":"2022-03-25T10:02:48","date_gmt":"2022-03-25T13:02:48","guid":{"rendered":"http:\/\/www.bikeabc.com.br\/loja\/?post_type=product&#038;p=6733"},"modified":"2022-03-25T11:07:42","modified_gmt":"2022-03-25T14:07:42","slug":"alavanca-trocador-3x8-v-24-marchas-sem-manete-tipo-shimano","status":"publish","type":"product","link":"http:\/\/www.bikeabc.com.br\/loja\/produto\/alavanca-trocador-3x8-v-24-marchas-sem-manete-tipo-shimano\/","title":{"rendered":"Alavanca Trocador 3&#215;8 V. 24 Marchas Sem Manete Tipo Shimano"},"content":{"rendered":"<p>Fabricante: RAD7<br \/>\nModelo: Rapid Fire Tipo Shimano<br \/>\nCor: Preto<br \/>\nVelocidades: 3&#215;8 (24 Marchas)<br \/>\nPeso: 260 g. (o par)<br \/>\nProced\u00eancia: Importado<br \/>\nsem Manetes ( Ideal para Freios a Disco Hidr\u00e1ulicos )<\/p>\n<p>ROCOMO COM\u00c9RCIO DE BICICLETAS LTDA<br \/>\nLOJA F\u00cdSICA DESDE 1986<\/p>\n","protected":false},"excerpt":{"rendered":"<p>Fabricante: RAD7 Modelo: Rapid Fire Tipo Shimano Cor: Preto Velocidades: 3&#215;8 (24 Marchas) Peso: 260 g. (o par) Proced\u00eancia: Importado sem Manetes ( Ideal para Freios a Disco Hidr\u00e1ulicos ) ROCOMO COM\u00c9RCIO DE BICICLETAS LTDA LOJA F\u00cdSICA DESDE 1986<\/p>\n","protected":false},"featured_media":6734,"comment_status":"open","ping_status":"closed","template":"","meta":[],"product_brand":[],"product_cat":[84,108],"product_tag":[171,170,169],"class_list":{"0":"post-6733","1":"product","2":"type-product","3":"status-publish","4":"has-post-thumbnail","6":"product_cat-acessorios","7":"product_cat-acessorios-acessorios","8":"product_tag-alavanca-24-marchas","9":"product_tag-alavanca-para-bicicleta","10":"product_tag-alavanca-para-bike","11":"entry","12":"has-media","14":"first","15":"instock","16":"shipping-taxable","17":"purchasable","18":"product-type-simple","19":"col","20":"span_1_of_3","21":"wvn-content-left","22":"wvn-thumbs-layout-horizontal","23":"wvn-btn-normal","24":"wvn-tabs-layout-horizontal"},"_links":{"self":[{"href":"http:\/\/www.bikeabc.com.br\/loja\/wp-json\/wp\/v2\/product\/6733","targetHints":{"allow":["GET"]}}],"collection":[{"href":"http:\/\/www.bikeabc.com.br\/loja\/wp-json\/wp\/v2\/product"}],"about":[{"href":"http:\/\/www.bikeabc.com.br\/loja\/wp-json\/wp\/v2\/types\/product"}],"replies":[{"embeddable":true,"href":"http:\/\/www.bikeabc.com.br\/loja\/wp-json\/wp\/v2\/comments?post=6733"}],"wp:featuredmedia":[{"embeddable":true,"href":"http:\/\/www.bikeabc.com.br\/loja\/wp-json\/wp\/v2\/media\/6734"}],"wp:attachment":[{"href":"http:\/\/www.bikeabc.com.br\/loja\/wp-json\/wp\/v2\/media?parent=6733"}],"wp:term":[{"taxonomy":"product_brand","embeddable":true,"href":"http:\/\/www.bikeabc.com.br\/loja\/wp-json\/wp\/v2\/product_brand?post=6733"},{"taxonomy":"product_cat","embeddable":true,"href":"http:\/\/www.bikeabc.com.br\/loja\/wp-json\/wp\/v2\/product_cat?post=6733"},{"taxonomy":"product_tag","embeddable":true,"href":"http:\/\/www.bikeabc.com.br\/loja\/wp-json\/wp\/v2\/product_tag?post=6733"}],"curies":[{"name":"wp","href":"https:\/\/api.w.org\/{rel}","templated":true}]}}