{"id":6726,"date":"2022-03-25T09:54:24","date_gmt":"2022-03-25T12:54:24","guid":{"rendered":"http:\/\/www.bikeabc.com.br\/loja\/?post_type=product&#038;p=6726"},"modified":"2025-03-08T01:23:38","modified_gmt":"2025-03-08T04:23:38","slug":"suspensao-29-rad7-concept-magnesio-ar-tr-guidao-reg-retorno","status":"publish","type":"product","link":"http:\/\/www.bikeabc.com.br\/loja\/produto\/suspensao-29-rad7-concept-magnesio-ar-tr-guidao-reg-retorno\/","title":{"rendered":"Suspens\u00e3o 29 Rad7 Concept Magn\u00e9sio Ar Tr Guid\u00e3o Reg. Retorn"},"content":{"rendered":"<p>Fabricante: Rad7<br \/>\nModelo: Concept AR-909 RVS RLR AIR &#8211; Trava no Guid\u00e3o<br \/>\nCor: Preta \/ Dourada<br \/>\nCurso: 100 mm<br \/>\nAro: 29&#8243;<br \/>\nComposi\u00e7\u00e3o: Alum\u00ednio e A\u00e7o<br \/>\nProced\u00eancia: Importado<\/p>\n<p>&#8211; Medidas:<br \/>\n&#8211; Canela: Altura &#8211; 33 cm \/ Largura &#8211; 4 cm<br \/>\n&#8211; Bengala: Altura &#8211; 11,5 cm \/ Largura &#8211; 3,2 cm<br \/>\n&#8211; Espiga: Altura &#8211; 28,8 cm \/ Largura &#8211; 2,9 cm<br \/>\n&#8211; Peso: 2.170 g. (Aproximado)<\/p>\n<p>&#8211; Freios: Suporte para Disco Post Mount &#8211; tipo Shimano &#8211; s\/ Pino V-Brake;<br \/>\n&#8211; Material: Canelas em Alum\u00ednio \/ Bengalas em Magn\u00e9sio e espiga em A\u00e7o \/ Ombro em Alum\u00ednio;<br \/>\n&#8211; Para freios a Disco Post Mount (n\u00e3o aceita freios V-Break)<br \/>\n&#8211; Sistema amortecimento por Ar e \u00d3leo;<br \/>\n&#8211; Trava no Guid\u00e3o (Acompanha a trava, cabo e condu\u00edte);<br \/>\n&#8211; Regulagem de Retorno.<\/p>\n<p>ROCOMO COM\u00c9RCIO DE BICICLETAS LTDA<br \/>\nLOJA F\u00cdSICA DESDE 1986<\/p>\n","protected":false},"excerpt":{"rendered":"<p>Fabricante: Rad7 Modelo: Concept AR-909 RVS RLR AIR &#8211; Trava no Guid\u00e3o Cor: Preta \/ Dourada Curso: 100 mm Aro: 29&#8243; Composi\u00e7\u00e3o: Alum\u00ednio e A\u00e7o Proced\u00eancia: Importado &#8211; Medidas: &#8211; Canela: Altura &#8211; 33 cm \/ Largura &#8211; 4 cm &#8211; Bengala: Altura &#8211; 11,5 cm \/ Largura &#8211; 3,2 cm &#8211; Espiga: Altura &#8211; [&hellip;]<\/p>\n","protected":false},"featured_media":6727,"comment_status":"open","ping_status":"closed","template":"","meta":[],"product_brand":[],"product_cat":[136],"product_tag":[167,166,252,165,164,163,250,251],"class_list":{"0":"post-6726","1":"product","2":"type-product","3":"status-publish","4":"has-post-thumbnail","6":"product_cat-suspensao","7":"product_tag-comprar-suspensao-bicicleta","8":"product_tag-quero-comprar-suspensao-de-bike","9":"product_tag-suspensao-abc","10":"product_tag-suspensao-bicicleta","11":"product_tag-suspensao-bike","12":"product_tag-suspensao-magnesio","13":"product_tag-suspensao-ribeirao-pires","14":"product_tag-suspensao-sao-caetano","15":"entry","16":"has-media","18":"first","19":"instock","20":"shipping-taxable","21":"purchasable","22":"product-type-simple","23":"col","24":"span_1_of_3","25":"wvn-content-left","26":"wvn-thumbs-layout-horizontal","27":"wvn-btn-normal","28":"wvn-tabs-layout-horizontal"},"_links":{"self":[{"href":"http:\/\/www.bikeabc.com.br\/loja\/wp-json\/wp\/v2\/product\/6726","targetHints":{"allow":["GET"]}}],"collection":[{"href":"http:\/\/www.bikeabc.com.br\/loja\/wp-json\/wp\/v2\/product"}],"about":[{"href":"http:\/\/www.bikeabc.com.br\/loja\/wp-json\/wp\/v2\/types\/product"}],"replies":[{"embeddable":true,"href":"http:\/\/www.bikeabc.com.br\/loja\/wp-json\/wp\/v2\/comments?post=6726"}],"wp:featuredmedia":[{"embeddable":true,"href":"http:\/\/www.bikeabc.com.br\/loja\/wp-json\/wp\/v2\/media\/6727"}],"wp:attachment":[{"href":"http:\/\/www.bikeabc.com.br\/loja\/wp-json\/wp\/v2\/media?parent=6726"}],"wp:term":[{"taxonomy":"product_brand","embeddable":true,"href":"http:\/\/www.bikeabc.com.br\/loja\/wp-json\/wp\/v2\/product_brand?post=6726"},{"taxonomy":"product_cat","embeddable":true,"href":"http:\/\/www.bikeabc.com.br\/loja\/wp-json\/wp\/v2\/product_cat?post=6726"},{"taxonomy":"product_tag","embeddable":true,"href":"http:\/\/www.bikeabc.com.br\/loja\/wp-json\/wp\/v2\/product_tag?post=6726"}],"curies":[{"name":"wp","href":"https:\/\/api.w.org\/{rel}","templated":true}]}}