{"id":1297,"date":"2020-06-03T00:00:00","date_gmt":"2020-06-03T03:00:00","guid":{"rendered":"http:\/\/www.bikeabc.com.br\/loja\/produto\/camara-de-ar-aro-24-paco\/"},"modified":"2021-06-23T16:41:11","modified_gmt":"2021-06-23T19:41:11","slug":"camara-de-ar-aro-24-paco","status":"publish","type":"product","link":"http:\/\/www.bikeabc.com.br\/loja\/produto\/camara-de-ar-aro-24-paco\/","title":{"rendered":"Camara de ar aro 24 Paco"},"content":{"rendered":"<p>C\u00e2mara de ar Aro 24 Prime Borracha But\u00edlica<\/p>\n<p>&#8211; V\u00e1lvula Americana 35mm<br \/>\n&#8211; Marca : Paco<br \/>\n&#8211; Alta resist\u00eancia, Qualidade Premium<br \/>\n&#8211; Composi\u00e7\u00e3o: Borracha But\u00edlica.<br \/>\n&#8211; Garantia: 90 dias contra defeitos de fabrica\u00e7\u00e3o<br \/>\n&#8211; Principais caracter\u00edsticas da borracha but\u00edlica : Elevada<br \/>\nimpermeabilidade aos gases e ao ar<br \/>\n&#8211; Boas propriedades de Flex\u00e3o<br \/>\n&#8211; Resistente ao calor<br \/>\n&#8211; Resistente ao envelhecimento provocado pela intemp\u00e9rie<br \/>\n&#8211; Resistente a produto qu\u00edmicos, gorduras e a substancia<br \/>\nfortemente oxidantes<br \/>\n&#8211; Produto Pronta entrega<\/p>\n","protected":false},"excerpt":{"rendered":"<p>C\u00e2mara de ar Aro 24 Prime Borracha But\u00edlica<\/p>\n<p>&#8211; V\u00e1lvula Americana 35mm<br \/>\n&#8211; Marca : Paco<br \/>\n&#8211; Alta resist\u00eancia, Qualidade Premium<br \/>\n&#8211; Composi\u00e7\u00e3o: Borracha But\u00edlica.<br \/>\n&#8211; Garantia: 90 dias contra defeitos de fabrica\u00e7\u00e3o<br \/>\n&#8211; Principais caracter\u00edsticas da borracha but\u00edlica : Elevada<br \/>\nimpermeabilidade aos gases e ao ar<br \/>\n&#8211; Boas propriedades de Flex\u00e3o<br \/>\n&#8211; Resistente ao calor<br \/>\n&#8211; Resistente ao envelhecimento provocado pela intemp\u00e9rie<br \/>\n&#8211; Resistente a produto qu\u00edmicos, gorduras e a substancia<br \/>\nfortemente oxidantes<br \/>\n&#8211; Produto Pronta entrega<\/p>\n","protected":false},"featured_media":5874,"comment_status":"open","ping_status":"closed","template":"","meta":[],"product_brand":[],"product_cat":[128],"product_tag":[],"class_list":{"0":"post-1297","1":"product","2":"type-product","3":"status-publish","4":"has-post-thumbnail","6":"product_cat-camaras","7":"entry","8":"has-media","10":"first","11":"instock","12":"shipping-taxable","13":"purchasable","14":"product-type-simple","15":"col","16":"span_1_of_3","17":"wvn-content-left","18":"wvn-thumbs-layout-horizontal","19":"wvn-btn-normal","20":"wvn-tabs-layout-horizontal"},"_links":{"self":[{"href":"http:\/\/www.bikeabc.com.br\/loja\/wp-json\/wp\/v2\/product\/1297","targetHints":{"allow":["GET"]}}],"collection":[{"href":"http:\/\/www.bikeabc.com.br\/loja\/wp-json\/wp\/v2\/product"}],"about":[{"href":"http:\/\/www.bikeabc.com.br\/loja\/wp-json\/wp\/v2\/types\/product"}],"replies":[{"embeddable":true,"href":"http:\/\/www.bikeabc.com.br\/loja\/wp-json\/wp\/v2\/comments?post=1297"}],"wp:featuredmedia":[{"embeddable":true,"href":"http:\/\/www.bikeabc.com.br\/loja\/wp-json\/wp\/v2\/media\/5874"}],"wp:attachment":[{"href":"http:\/\/www.bikeabc.com.br\/loja\/wp-json\/wp\/v2\/media?parent=1297"}],"wp:term":[{"taxonomy":"product_brand","embeddable":true,"href":"http:\/\/www.bikeabc.com.br\/loja\/wp-json\/wp\/v2\/product_brand?post=1297"},{"taxonomy":"product_cat","embeddable":true,"href":"http:\/\/www.bikeabc.com.br\/loja\/wp-json\/wp\/v2\/product_cat?post=1297"},{"taxonomy":"product_tag","embeddable":true,"href":"http:\/\/www.bikeabc.com.br\/loja\/wp-json\/wp\/v2\/product_tag?post=1297"}],"curies":[{"name":"wp","href":"https:\/\/api.w.org\/{rel}","templated":true}]}}