{"id":1292,"date":"2022-03-25T00:00:00","date_gmt":"2022-03-25T03:00:00","guid":{"rendered":"http:\/\/www.bikeabc.com.br\/loja\/produto\/manopla-elleven-ergonomica-gel-com-bar-end\/"},"modified":"2022-03-25T16:22:05","modified_gmt":"2022-03-25T19:22:05","slug":"manopla-elleven-ergonomica-gel-com-bar-end","status":"publish","type":"product","link":"http:\/\/www.bikeabc.com.br\/loja\/produto\/manopla-elleven-ergonomica-gel-com-bar-end\/","title":{"rendered":"Manopla Elleven Ergon\u00f4mica Gel com Bar End"},"content":{"rendered":"<p>Marca: Elleven<\/p>\n<p>Modelo: Punho MTB Ergonomica<\/p>\n<p>Composi\u00e7\u00e3o: Gel<\/p>\n<p>Cor: Preto e Cinza<\/p>\n<p>Fixa\u00e7\u00e3o: Por abra\u00e7adeiras em aluminio<\/p>\n","protected":false},"excerpt":{"rendered":"<p>Marca: Elleven<\/p>\n<p>Modelo: Punho MTB Ergonomica<\/p>\n<p>Composi\u00e7\u00e3o: Gel<\/p>\n<p>Cor: Preto e Cinza<\/p>\n<p>Fixa\u00e7\u00e3o: Por abra\u00e7adeiras em aluminio<\/p>\n","protected":false},"featured_media":5800,"comment_status":"open","ping_status":"closed","template":"","meta":[],"product_brand":[],"product_cat":[126],"product_tag":[],"class_list":{"0":"post-1292","1":"product","2":"type-product","3":"status-publish","4":"has-post-thumbnail","6":"product_cat-calypso","7":"entry","8":"has-media","10":"first","11":"instock","12":"shipping-taxable","13":"purchasable","14":"product-type-simple","15":"col","16":"span_1_of_3","17":"wvn-content-left","18":"wvn-thumbs-layout-horizontal","19":"wvn-btn-normal","20":"wvn-tabs-layout-horizontal"},"_links":{"self":[{"href":"http:\/\/www.bikeabc.com.br\/loja\/wp-json\/wp\/v2\/product\/1292","targetHints":{"allow":["GET"]}}],"collection":[{"href":"http:\/\/www.bikeabc.com.br\/loja\/wp-json\/wp\/v2\/product"}],"about":[{"href":"http:\/\/www.bikeabc.com.br\/loja\/wp-json\/wp\/v2\/types\/product"}],"replies":[{"embeddable":true,"href":"http:\/\/www.bikeabc.com.br\/loja\/wp-json\/wp\/v2\/comments?post=1292"}],"wp:featuredmedia":[{"embeddable":true,"href":"http:\/\/www.bikeabc.com.br\/loja\/wp-json\/wp\/v2\/media\/5800"}],"wp:attachment":[{"href":"http:\/\/www.bikeabc.com.br\/loja\/wp-json\/wp\/v2\/media?parent=1292"}],"wp:term":[{"taxonomy":"product_brand","embeddable":true,"href":"http:\/\/www.bikeabc.com.br\/loja\/wp-json\/wp\/v2\/product_brand?post=1292"},{"taxonomy":"product_cat","embeddable":true,"href":"http:\/\/www.bikeabc.com.br\/loja\/wp-json\/wp\/v2\/product_cat?post=1292"},{"taxonomy":"product_tag","embeddable":true,"href":"http:\/\/www.bikeabc.com.br\/loja\/wp-json\/wp\/v2\/product_tag?post=1292"}],"curies":[{"name":"wp","href":"https:\/\/api.w.org\/{rel}","templated":true}]}}