{"id":1277,"date":"2020-05-04T04:28:00","date_gmt":"2020-05-04T07:28:00","guid":{"rendered":"http:\/\/www.bikeabc.com.br\/loja\/produto\/buzina-campainha-trim-trim-cromada-retro\/"},"modified":"2021-06-23T16:34:16","modified_gmt":"2021-06-23T19:34:16","slug":"buzina-campainha-trim-trim-cromada-retro","status":"publish","type":"product","link":"http:\/\/www.bikeabc.com.br\/loja\/produto\/buzina-campainha-trim-trim-cromada-retro\/","title":{"rendered":"Buzina Campainha Trim Trim Cromada Retr\u00f4"},"content":{"rendered":"<p>Buzina Campainha Trim Trim Cromada Retr\u00f4<\/p>\n<p>Composi\u00e7\u00e3o: A\u00e7o<\/p>\n<p>Cor: Cromado<\/p>\n<p>Proced\u00eancia: China<\/p>\n","protected":false},"excerpt":{"rendered":"<p>Buzina Campainha Trim Trim Cromada Retr\u00f4<\/p>\n<p>Composi\u00e7\u00e3o: A\u00e7o<\/p>\n<p>Cor: Cromado<\/p>\n<p>Proced\u00eancia: China<\/p>\n","protected":false},"featured_media":5888,"comment_status":"open","ping_status":"closed","template":"","meta":[],"product_brand":[],"product_cat":[120],"product_tag":[],"class_list":{"0":"post-1277","1":"product","2":"type-product","3":"status-publish","4":"has-post-thumbnail","6":"product_cat-seguranca-acessorios","7":"entry","8":"has-media","10":"first","11":"instock","12":"shipping-taxable","13":"purchasable","14":"product-type-simple","15":"col","16":"span_1_of_3","17":"wvn-content-left","18":"wvn-thumbs-layout-horizontal","19":"wvn-btn-normal","20":"wvn-tabs-layout-horizontal","21":"has-no-thumbnails"},"_links":{"self":[{"href":"http:\/\/www.bikeabc.com.br\/loja\/wp-json\/wp\/v2\/product\/1277","targetHints":{"allow":["GET"]}}],"collection":[{"href":"http:\/\/www.bikeabc.com.br\/loja\/wp-json\/wp\/v2\/product"}],"about":[{"href":"http:\/\/www.bikeabc.com.br\/loja\/wp-json\/wp\/v2\/types\/product"}],"replies":[{"embeddable":true,"href":"http:\/\/www.bikeabc.com.br\/loja\/wp-json\/wp\/v2\/comments?post=1277"}],"wp:featuredmedia":[{"embeddable":true,"href":"http:\/\/www.bikeabc.com.br\/loja\/wp-json\/wp\/v2\/media\/5888"}],"wp:attachment":[{"href":"http:\/\/www.bikeabc.com.br\/loja\/wp-json\/wp\/v2\/media?parent=1277"}],"wp:term":[{"taxonomy":"product_brand","embeddable":true,"href":"http:\/\/www.bikeabc.com.br\/loja\/wp-json\/wp\/v2\/product_brand?post=1277"},{"taxonomy":"product_cat","embeddable":true,"href":"http:\/\/www.bikeabc.com.br\/loja\/wp-json\/wp\/v2\/product_cat?post=1277"},{"taxonomy":"product_tag","embeddable":true,"href":"http:\/\/www.bikeabc.com.br\/loja\/wp-json\/wp\/v2\/product_tag?post=1277"}],"curies":[{"name":"wp","href":"https:\/\/api.w.org\/{rel}","templated":true}]}}