{"id":1267,"date":"2020-05-04T04:28:00","date_gmt":"2020-05-04T07:28:00","guid":{"rendered":"http:\/\/www.bikeabc.com.br\/loja\/produto\/graxa-multiuso-algoo-100g\/"},"modified":"2021-06-23T16:51:35","modified_gmt":"2021-06-23T19:51:35","slug":"graxa-multiuso-algoo-100g","status":"publish","type":"product","link":"http:\/\/www.bikeabc.com.br\/loja\/produto\/graxa-multiuso-algoo-100g\/","title":{"rendered":"Graxa Multiuso Algoo 100G"},"content":{"rendered":"<p>GRAXA MULTIUSO ALGOO 100g<br \/>\nA graxa Algoo \u00e9 uma graxa multiuso com base vegetal.<br \/>\nPossui aditivos que inibem a corros\u00e3o e tornam a graxa mais resistente \u00e0 \u00e1gua.<br \/>\nIdeal para rolamentos, cubos de roda, caixas de dire\u00e7\u00e3o e movimentos centrais, entre outros.<\/p>\n","protected":false},"excerpt":{"rendered":"<p>GRAXA MULTIUSO ALGOO 100g<br \/>\nA graxa Algoo \u00e9 uma graxa multiuso com base vegetal.<br \/>\nPossui aditivos que inibem a corros\u00e3o e tornam a graxa mais resistente \u00e0 \u00e1gua.<br \/>\nIdeal para rolamentos, cubos de roda, caixas de dire\u00e7\u00e3o e movimentos centrais, entre outros.<\/p>\n","protected":false},"featured_media":5881,"comment_status":"open","ping_status":"closed","template":"","meta":[],"product_brand":[],"product_cat":[119],"product_tag":[],"class_list":{"0":"post-1267","1":"product","2":"type-product","3":"status-publish","4":"has-post-thumbnail","6":"product_cat-reparos-acessorios","7":"entry","8":"has-media","10":"first","11":"instock","12":"shipping-taxable","13":"purchasable","14":"product-type-simple","15":"col","16":"span_1_of_3","17":"wvn-content-left","18":"wvn-thumbs-layout-horizontal","19":"wvn-btn-normal","20":"wvn-tabs-layout-horizontal","21":"has-no-thumbnails"},"_links":{"self":[{"href":"http:\/\/www.bikeabc.com.br\/loja\/wp-json\/wp\/v2\/product\/1267","targetHints":{"allow":["GET"]}}],"collection":[{"href":"http:\/\/www.bikeabc.com.br\/loja\/wp-json\/wp\/v2\/product"}],"about":[{"href":"http:\/\/www.bikeabc.com.br\/loja\/wp-json\/wp\/v2\/types\/product"}],"replies":[{"embeddable":true,"href":"http:\/\/www.bikeabc.com.br\/loja\/wp-json\/wp\/v2\/comments?post=1267"}],"wp:featuredmedia":[{"embeddable":true,"href":"http:\/\/www.bikeabc.com.br\/loja\/wp-json\/wp\/v2\/media\/5881"}],"wp:attachment":[{"href":"http:\/\/www.bikeabc.com.br\/loja\/wp-json\/wp\/v2\/media?parent=1267"}],"wp:term":[{"taxonomy":"product_brand","embeddable":true,"href":"http:\/\/www.bikeabc.com.br\/loja\/wp-json\/wp\/v2\/product_brand?post=1267"},{"taxonomy":"product_cat","embeddable":true,"href":"http:\/\/www.bikeabc.com.br\/loja\/wp-json\/wp\/v2\/product_cat?post=1267"},{"taxonomy":"product_tag","embeddable":true,"href":"http:\/\/www.bikeabc.com.br\/loja\/wp-json\/wp\/v2\/product_tag?post=1267"}],"curies":[{"name":"wp","href":"https:\/\/api.w.org\/{rel}","templated":true}]}}