{"id":1264,"date":"2022-03-04T04:28:00","date_gmt":"2022-03-04T07:28:00","guid":{"rendered":"http:\/\/www.bikeabc.com.br\/loja\/produto\/capa-cobertura-protecao-para-bicicletas\/"},"modified":"2022-03-25T16:50:07","modified_gmt":"2022-03-25T19:50:07","slug":"capa-cobertura-protecao-para-bicicletas","status":"publish","type":"product","link":"http:\/\/www.bikeabc.com.br\/loja\/produto\/capa-cobertura-protecao-para-bicicletas\/","title":{"rendered":"Capa Cobertura Prote\u00e7\u00e3o Para Bicicletas"},"content":{"rendered":"<p>Capa Cobertura Prote\u00e7\u00e3o para Bicicleta<\/p>\n<p>Fabricante: Pop-Bike<\/p>\n<p>Composi\u00e7\u00e3o: 100% Polietileno<\/p>\n<p>Cor: Cinza<\/p>\n<p>Peso 280 g. (Aproximado)<\/p>\n<p>Lavavel.<\/p>\n<p>Feita em polietileno, material extremamente resistente e dur\u00e1vel, esta capa para bicicleta vai evitar que sua bike sofra com as mais severas condi\u00e7\u00f5es de tempo. Pesando apenas 280g, ela pode ser transportada facilmente para qualquer destino. Fa\u00e7a sol ou fa\u00e7a chuva, sua bicicleta estar\u00e1 sempre protegida.<\/p>\n<p>ROCOMO COMERCIO DE BICICLETAS LTDA.<\/p>\n<p>30 ANOS DE MERCADO!!!<\/p>\n","protected":false},"excerpt":{"rendered":"<p>Capa Cobertura Prote\u00e7\u00e3o para Bicicleta<\/p>\n<p>Fabricante: Pop-Bike<\/p>\n<p>Composi\u00e7\u00e3o: 100% Polietileno<\/p>\n<p>Cor: Cinza<\/p>\n<p>Peso 280 g. (Aproximado)<\/p>\n<p>Lavavel.<\/p>\n","protected":false},"featured_media":5875,"comment_status":"open","ping_status":"closed","template":"","meta":[],"product_brand":[],"product_cat":[118],"product_tag":[],"class_list":{"0":"post-1264","1":"product","2":"type-product","3":"status-publish","4":"has-post-thumbnail","6":"product_cat-protecao-acessorios","7":"entry","8":"has-media","10":"first","11":"instock","12":"shipping-taxable","13":"purchasable","14":"product-type-simple","15":"col","16":"span_1_of_3","17":"wvn-content-left","18":"wvn-thumbs-layout-horizontal","19":"wvn-btn-normal","20":"wvn-tabs-layout-horizontal"},"_links":{"self":[{"href":"http:\/\/www.bikeabc.com.br\/loja\/wp-json\/wp\/v2\/product\/1264","targetHints":{"allow":["GET"]}}],"collection":[{"href":"http:\/\/www.bikeabc.com.br\/loja\/wp-json\/wp\/v2\/product"}],"about":[{"href":"http:\/\/www.bikeabc.com.br\/loja\/wp-json\/wp\/v2\/types\/product"}],"replies":[{"embeddable":true,"href":"http:\/\/www.bikeabc.com.br\/loja\/wp-json\/wp\/v2\/comments?post=1264"}],"wp:featuredmedia":[{"embeddable":true,"href":"http:\/\/www.bikeabc.com.br\/loja\/wp-json\/wp\/v2\/media\/5875"}],"wp:attachment":[{"href":"http:\/\/www.bikeabc.com.br\/loja\/wp-json\/wp\/v2\/media?parent=1264"}],"wp:term":[{"taxonomy":"product_brand","embeddable":true,"href":"http:\/\/www.bikeabc.com.br\/loja\/wp-json\/wp\/v2\/product_brand?post=1264"},{"taxonomy":"product_cat","embeddable":true,"href":"http:\/\/www.bikeabc.com.br\/loja\/wp-json\/wp\/v2\/product_cat?post=1264"},{"taxonomy":"product_tag","embeddable":true,"href":"http:\/\/www.bikeabc.com.br\/loja\/wp-json\/wp\/v2\/product_tag?post=1264"}],"curies":[{"name":"wp","href":"https:\/\/api.w.org\/{rel}","templated":true}]}}