{"id":1262,"date":"2022-03-04T04:28:00","date_gmt":"2022-03-04T07:28:00","guid":{"rendered":"http:\/\/www.bikeabc.com.br\/loja\/produto\/cadeirinha-passeio-infantil-kalf-traseira-25-kg-cinza\/"},"modified":"2022-03-25T16:29:57","modified_gmt":"2022-03-25T19:29:57","slug":"cadeirinha-passeio-infantil-kalf-traseira-25-kg-cinza","status":"publish","type":"product","link":"http:\/\/www.bikeabc.com.br\/loja\/produto\/cadeirinha-passeio-infantil-kalf-traseira-25-kg-cinza\/","title":{"rendered":"Cadeirinha Passeio Infantil Kalf Traseira 25 Kg. Cinza"},"content":{"rendered":"<p>Cadeirinha Passeio Infantil Kalf Traseira 25 kg. Cinza<br \/>\n&#8211; Fabricante: Kalf<br \/>\n&#8211; Suporta crian\u00e7a de at\u00e9 25 Kg.<br \/>\n&#8211; Uso: Traseiro (fixado no bagageiro)<br \/>\n&#8211; Acento e encosto acolchoado<br \/>\n&#8211; Cinto de Seguran\u00e7a regul\u00e1vel e apoio para as m\u00e3os<br \/>\n&#8211; Cor: Cinza.<\/p>\n","protected":false},"excerpt":{"rendered":"<p>Cadeirinha Passeio Infantil Kalf Traseira 25 kg. Cinza<br \/>\n&#8211; Fabricante: Kalf<br \/>\n&#8211; Suporta crian\u00e7a de at\u00e9 25 Kg.<br \/>\n&#8211; Uso: Traseiro (fixado no bagageiro)<br \/>\n&#8211; Acento e encosto acolchoado<br \/>\n&#8211; Cinto de Seguran\u00e7a regul\u00e1vel e apoio para as m\u00e3os<br \/>\n&#8211; Cor: Cinza.<\/p>\n","protected":false},"featured_media":5770,"comment_status":"open","ping_status":"closed","template":"","meta":[],"product_brand":[],"product_cat":[117],"product_tag":[],"class_list":{"0":"post-1262","1":"product","2":"type-product","3":"status-publish","4":"has-post-thumbnail","6":"product_cat-infantil-acessorios","7":"entry","8":"has-media","10":"first","11":"instock","12":"shipping-taxable","13":"purchasable","14":"product-type-simple","15":"col","16":"span_1_of_3","17":"wvn-content-left","18":"wvn-thumbs-layout-horizontal","19":"wvn-btn-normal","20":"wvn-tabs-layout-horizontal"},"_links":{"self":[{"href":"http:\/\/www.bikeabc.com.br\/loja\/wp-json\/wp\/v2\/product\/1262","targetHints":{"allow":["GET"]}}],"collection":[{"href":"http:\/\/www.bikeabc.com.br\/loja\/wp-json\/wp\/v2\/product"}],"about":[{"href":"http:\/\/www.bikeabc.com.br\/loja\/wp-json\/wp\/v2\/types\/product"}],"replies":[{"embeddable":true,"href":"http:\/\/www.bikeabc.com.br\/loja\/wp-json\/wp\/v2\/comments?post=1262"}],"wp:featuredmedia":[{"embeddable":true,"href":"http:\/\/www.bikeabc.com.br\/loja\/wp-json\/wp\/v2\/media\/5770"}],"wp:attachment":[{"href":"http:\/\/www.bikeabc.com.br\/loja\/wp-json\/wp\/v2\/media?parent=1262"}],"wp:term":[{"taxonomy":"product_brand","embeddable":true,"href":"http:\/\/www.bikeabc.com.br\/loja\/wp-json\/wp\/v2\/product_brand?post=1262"},{"taxonomy":"product_cat","embeddable":true,"href":"http:\/\/www.bikeabc.com.br\/loja\/wp-json\/wp\/v2\/product_cat?post=1262"},{"taxonomy":"product_tag","embeddable":true,"href":"http:\/\/www.bikeabc.com.br\/loja\/wp-json\/wp\/v2\/product_tag?post=1262"}],"curies":[{"name":"wp","href":"https:\/\/api.w.org\/{rel}","templated":true}]}}