{"id":1258,"date":"2020-05-04T04:28:00","date_gmt":"2020-05-04T07:28:00","guid":{"rendered":"http:\/\/www.bikeabc.com.br\/loja\/produto\/vista-light-comet-100-lumens-recarregavel-usb\/"},"modified":"2021-06-23T17:00:20","modified_gmt":"2021-06-23T20:00:20","slug":"vista-light-comet-100-lumens-recarregavel-usb","status":"publish","type":"product","link":"http:\/\/www.bikeabc.com.br\/loja\/produto\/vista-light-comet-100-lumens-recarregavel-usb\/","title":{"rendered":"Vista Light COMET 100 Lumens &#8211; Recarreg\u00e1vel USB"},"content":{"rendered":"<p>VISTA LIGHT RAYPAL COMET &#8211; 100 LUMENS<\/p>\n<p>Alta qualidade e brilho! As l\u00e2mpadas possuem variedade de modo de emiss\u00e3o de luz. De f\u00e1cil instala\u00e7\u00e3o, pode ser colocado na parte traseira ou dianteira da bike.<\/p>\n<p>Marca: Raypal COMET<\/p>\n<p>Composi\u00e7\u00e3o: LED<\/p>\n<p>Cor do LED: Branco e Vermelho<\/p>\n<p>Tempo de Carga: 3 horas<\/p>\n<p>Recarga: USB<\/p>\n<p>Bateria: L\u00edtio Embutida 37.V 500MAH<\/p>\n<p>Modos de exibi\u00e7\u00e3o de luz: 6 MODOS<\/p>\n<p>Proced\u00eancia: China<\/p>\n<p>Cor: Preto<\/p>\n","protected":false},"excerpt":{"rendered":"<p>VISTA LIGHT RAYPAL COMET &#8211; 100 LUMENS<\/p>\n<p>Alta qualidade e brilho! As l\u00e2mpadas possuem variedade de modo de emiss\u00e3o de luz. De f\u00e1cil instala\u00e7\u00e3o, pode ser colocado na parte traseira ou dianteira da bike.<\/p>\n<p>Marca: Raypal COMET<\/p>\n<p>Composi\u00e7\u00e3o: LED<\/p>\n<p>Cor do LED: Branco e Vermelho<\/p>\n<p>Tempo de Carga: 3 horas<\/p>\n<p>Recarga: USB<\/p>\n<p>Bateria: L\u00edtio Embutida 37.V 500MAH<\/p>\n<p>Modos de exibi\u00e7\u00e3o de luz: 6 MODOS<\/p>\n<p>Proced\u00eancia: China<\/p>\n<p>Cor: Preto<\/p>\n","protected":false},"featured_media":5734,"comment_status":"open","ping_status":"closed","template":"","meta":[],"product_brand":[],"product_cat":[116],"product_tag":[],"class_list":{"0":"post-1258","1":"product","2":"type-product","3":"status-publish","4":"has-post-thumbnail","6":"product_cat-iluminacao-acessorios","7":"entry","8":"has-media","10":"first","11":"instock","12":"shipping-taxable","13":"purchasable","14":"product-type-simple","15":"col","16":"span_1_of_3","17":"wvn-content-left","18":"wvn-thumbs-layout-horizontal","19":"wvn-btn-normal","20":"wvn-tabs-layout-horizontal"},"_links":{"self":[{"href":"http:\/\/www.bikeabc.com.br\/loja\/wp-json\/wp\/v2\/product\/1258","targetHints":{"allow":["GET"]}}],"collection":[{"href":"http:\/\/www.bikeabc.com.br\/loja\/wp-json\/wp\/v2\/product"}],"about":[{"href":"http:\/\/www.bikeabc.com.br\/loja\/wp-json\/wp\/v2\/types\/product"}],"replies":[{"embeddable":true,"href":"http:\/\/www.bikeabc.com.br\/loja\/wp-json\/wp\/v2\/comments?post=1258"}],"wp:featuredmedia":[{"embeddable":true,"href":"http:\/\/www.bikeabc.com.br\/loja\/wp-json\/wp\/v2\/media\/5734"}],"wp:attachment":[{"href":"http:\/\/www.bikeabc.com.br\/loja\/wp-json\/wp\/v2\/media?parent=1258"}],"wp:term":[{"taxonomy":"product_brand","embeddable":true,"href":"http:\/\/www.bikeabc.com.br\/loja\/wp-json\/wp\/v2\/product_brand?post=1258"},{"taxonomy":"product_cat","embeddable":true,"href":"http:\/\/www.bikeabc.com.br\/loja\/wp-json\/wp\/v2\/product_cat?post=1258"},{"taxonomy":"product_tag","embeddable":true,"href":"http:\/\/www.bikeabc.com.br\/loja\/wp-json\/wp\/v2\/product_tag?post=1258"}],"curies":[{"name":"wp","href":"https:\/\/api.w.org\/{rel}","templated":true}]}}