{"id":1228,"date":"2020-05-04T04:28:00","date_gmt":"2020-05-04T07:28:00","guid":{"rendered":"http:\/\/www.bikeabc.com.br\/loja\/produto\/bomba-portatil-wg-sports-aluminio\/"},"modified":"2022-03-25T16:45:49","modified_gmt":"2022-03-25T19:45:49","slug":"bomba-portatil-wg-sports-aluminio","status":"publish","type":"product","link":"http:\/\/www.bikeabc.com.br\/loja\/produto\/bomba-portatil-wg-sports-aluminio\/","title":{"rendered":"Bomba Port\u00e1til WG Sports Alum\u00ednio"},"content":{"rendered":"<p>A bomba de ar port\u00e1til da WG Sports \u00e9 fabricada em alum\u00ednio e possui compatibilidade para os dois tipos de v\u00e1lvulas (Presta e americana).<\/p>\n<p>Caracter\u00edsticas:<br \/>\n&#8211; Composi\u00e7\u00e3o: Alum\u00ednio e nylon;<br \/>\n&#8211; Peso: 150 g;<br \/>\n&#8211; Compat\u00edvel com v\u00e1lvula presta e americana;<br \/>\n&#8211; Dimens\u00f5es aproximadas: 28 cm comprimento x 3 cm largura.<\/p>\n<p>Embalagem:<br \/>\n&#8211; 1 Bomba de ar WG Sports alum\u00ednio;<br \/>\n&#8211; 1 Suporte para fixa\u00e7\u00e3o no quadro da bicicleta.<\/p>\n","protected":false},"excerpt":{"rendered":"<p>A bomba de ar port\u00e1til da WG Sports \u00e9 fabricada em alum\u00ednio e possui compatibilidade para os dois tipos de v\u00e1lvulas (Presta e americana).<\/p>\n","protected":false},"featured_media":5655,"comment_status":"open","ping_status":"closed","template":"","meta":[],"product_brand":[],"product_cat":[110],"product_tag":[],"class_list":{"0":"post-1228","1":"product","2":"type-product","3":"status-publish","4":"has-post-thumbnail","6":"product_cat-bombas-acessorios","7":"entry","8":"has-media","10":"first","11":"instock","12":"shipping-taxable","13":"purchasable","14":"product-type-simple","15":"col","16":"span_1_of_3","17":"wvn-content-left","18":"wvn-thumbs-layout-horizontal","19":"wvn-btn-normal","20":"wvn-tabs-layout-horizontal"},"_links":{"self":[{"href":"http:\/\/www.bikeabc.com.br\/loja\/wp-json\/wp\/v2\/product\/1228","targetHints":{"allow":["GET"]}}],"collection":[{"href":"http:\/\/www.bikeabc.com.br\/loja\/wp-json\/wp\/v2\/product"}],"about":[{"href":"http:\/\/www.bikeabc.com.br\/loja\/wp-json\/wp\/v2\/types\/product"}],"replies":[{"embeddable":true,"href":"http:\/\/www.bikeabc.com.br\/loja\/wp-json\/wp\/v2\/comments?post=1228"}],"wp:featuredmedia":[{"embeddable":true,"href":"http:\/\/www.bikeabc.com.br\/loja\/wp-json\/wp\/v2\/media\/5655"}],"wp:attachment":[{"href":"http:\/\/www.bikeabc.com.br\/loja\/wp-json\/wp\/v2\/media?parent=1228"}],"wp:term":[{"taxonomy":"product_brand","embeddable":true,"href":"http:\/\/www.bikeabc.com.br\/loja\/wp-json\/wp\/v2\/product_brand?post=1228"},{"taxonomy":"product_cat","embeddable":true,"href":"http:\/\/www.bikeabc.com.br\/loja\/wp-json\/wp\/v2\/product_cat?post=1228"},{"taxonomy":"product_tag","embeddable":true,"href":"http:\/\/www.bikeabc.com.br\/loja\/wp-json\/wp\/v2\/product_tag?post=1228"}],"curies":[{"name":"wp","href":"https:\/\/api.w.org\/{rel}","templated":true}]}}