{"id":1223,"date":"2020-05-04T04:28:00","date_gmt":"2020-05-04T07:28:00","guid":{"rendered":"http:\/\/www.bikeabc.com.br\/loja\/produto\/fita-anti-furo-speed-laranja-aro-700\/"},"modified":"2022-03-25T16:52:41","modified_gmt":"2022-03-25T19:52:41","slug":"fita-anti-furo-speed-laranja-aro-700","status":"publish","type":"product","link":"http:\/\/www.bikeabc.com.br\/loja\/produto\/fita-anti-furo-speed-laranja-aro-700\/","title":{"rendered":"Fita Anti Furo Speed Laranja Aro 700"},"content":{"rendered":"<p>A fita anti furo possui um desing que garante perfeito ajuste entre a c\u00e2mara e<\/p>\n<p>o pneu, garantindo total prote\u00e7\u00e3o, com alto desempenho, conforto e m\u00ednimo peso.<\/p>\n<p>N\u00e3o \u00e9 t\u00f3xica e pode ser reaproveitada na troca dos pneus.<\/p>\n<p>Para maior durabilidade do produto mantenha seus pneus sempre calibrados.<\/p>\n<p>Sugerimos que a coloca\u00e7\u00e3o seja feita em oficinas especializadas.<\/p>\n<p>Para bicicletas Speed<\/p>\n","protected":false},"excerpt":{"rendered":"<p>A fita anti furo possui um desing que garante perfeito ajuste entre a c\u00e2mara e<\/p>\n<p>o pneu, garantindo total prote\u00e7\u00e3o, com alto desempenho, conforto e m\u00ednimo peso.<\/p>\n<p>N\u00e3o \u00e9 t\u00f3xica e pode ser reaproveitada na troca dos pneus.<\/p>\n<p>Para maior durabilidade do produto mantenha seus pneus sempre calibrados.<\/p>\n<p>Sugerimos que a coloca\u00e7\u00e3o seja feita em oficinas especializadas.<\/p>\n<p>Para bicicletas Speed<\/p>\n","protected":false},"featured_media":5648,"comment_status":"open","ping_status":"closed","template":"","meta":[],"product_brand":[],"product_cat":[107],"product_tag":[],"class_list":{"0":"post-1223","1":"product","2":"type-product","3":"status-publish","4":"has-post-thumbnail","6":"product_cat-aro-acessorios","7":"entry","8":"has-media","10":"first","11":"instock","12":"shipping-taxable","13":"purchasable","14":"product-type-simple","15":"col","16":"span_1_of_3","17":"wvn-content-left","18":"wvn-thumbs-layout-horizontal","19":"wvn-btn-normal","20":"wvn-tabs-layout-horizontal"},"_links":{"self":[{"href":"http:\/\/www.bikeabc.com.br\/loja\/wp-json\/wp\/v2\/product\/1223","targetHints":{"allow":["GET"]}}],"collection":[{"href":"http:\/\/www.bikeabc.com.br\/loja\/wp-json\/wp\/v2\/product"}],"about":[{"href":"http:\/\/www.bikeabc.com.br\/loja\/wp-json\/wp\/v2\/types\/product"}],"replies":[{"embeddable":true,"href":"http:\/\/www.bikeabc.com.br\/loja\/wp-json\/wp\/v2\/comments?post=1223"}],"wp:featuredmedia":[{"embeddable":true,"href":"http:\/\/www.bikeabc.com.br\/loja\/wp-json\/wp\/v2\/media\/5648"}],"wp:attachment":[{"href":"http:\/\/www.bikeabc.com.br\/loja\/wp-json\/wp\/v2\/media?parent=1223"}],"wp:term":[{"taxonomy":"product_brand","embeddable":true,"href":"http:\/\/www.bikeabc.com.br\/loja\/wp-json\/wp\/v2\/product_brand?post=1223"},{"taxonomy":"product_cat","embeddable":true,"href":"http:\/\/www.bikeabc.com.br\/loja\/wp-json\/wp\/v2\/product_cat?post=1223"},{"taxonomy":"product_tag","embeddable":true,"href":"http:\/\/www.bikeabc.com.br\/loja\/wp-json\/wp\/v2\/product_tag?post=1223"}],"curies":[{"name":"wp","href":"https:\/\/api.w.org\/{rel}","templated":true}]}}