{"id":1222,"date":"2022-03-25T10:28:00","date_gmt":"2022-03-25T13:28:00","guid":{"rendered":"http:\/\/www.bikeabc.com.br\/loja\/produto\/oculos-de-ciclismo-rad7-5-lentes-multicoloridas\/"},"modified":"2024-07-25T09:26:25","modified_gmt":"2024-07-25T12:26:25","slug":"oculos-de-ciclismo-rad7-5-lentes-multicoloridas","status":"publish","type":"product","link":"http:\/\/www.bikeabc.com.br\/loja\/produto\/oculos-de-ciclismo-rad7-5-lentes-multicoloridas\/","title":{"rendered":"\u00d3culos de Ciclismo RAD7 &#8211; 5 Lentes Multicoloridas"},"content":{"rendered":"<p>KIT \u00d3CULOS DE CICLISMO RAD7 &#8211; 5 LENTES MULTICOLORIDAS<\/p>\n<p>Cor das Lentes: Azul, Espelhada, Transparente, Amarela e Preta;<br \/>\nMaterial da arma\u00e7\u00e3o: Acetato;<br \/>\nCor da Arma\u00e7\u00e3o: Preto;<br \/>\nMaterial das lentes: Policarbonato;<br \/>\nLente AMARELA: Indicadas para dias nublados, com pouca ilumina\u00e7\u00e3o. Ideal para pedal noturno, pois as lentes amarelas n\u00e3o escurem como as lentes escuras e principalmente diminuem o incomodo causado pelos far\u00f3is de ve\u00edculos.<\/p>\n<p>Lente TRANSPARENTE: Indica para tempo nublado, com pouca incid\u00eancia de luz, podem ser utilizadas a noite, por\u00e9m n\u00e3o tem o mesmo desempenho que as lentes amarelas.<\/p>\n<p>Lentes ESPELHADA e PRETA: Indicada para ambientes com muita claridade, sob sol forte de pedais diurnos. As lentes espelhadas aumentam a filtragem dos raios solares.<\/p>\n<p>Lente AZUL: Indicadas para pedais com varia\u00e7\u00e3o de luminosidade. Elas clareiam ou escurecem de acordo com a luz do ambiente.<\/p>\n<p>KIT<\/p>\n<p>Acompanha estojo r\u00edgido com espuma interna e separa\u00e7\u00e3o para as lentes, saquinho para guardar os \u00f3culos, pano de limpeza, el\u00e1stico para substituir as hastes, cord\u00e3o para \u00f3culos e arma\u00e7\u00e3o interna para fixa\u00e7\u00e3o de lente de grau.<\/p>\n","protected":false},"excerpt":{"rendered":"<p style=\"text-align: left\">KIT \u00d3CULOS DE CICLISMO RAD7 &#8211; 5 LENTES MULTICOLORIDAS<\/p>\n<p>Cor das Lentes: Azul, Espelhada, Transparente, Amarela e Preta;<br \/>\nMaterial da arma\u00e7\u00e3o: Acetato;<br \/>\nCor da Arma\u00e7\u00e3o: Preto;<br \/>\nMaterial das lentes: Policarbonato;<br \/>\nLente AMARELA: Indicadas para dias nublados, com pouca ilumina\u00e7\u00e3o. Ideal para pedal noturno, pois as lentes amarelas n\u00e3o escurem como as lentes escuras e principalmente diminuem o incomodo causado pelos far\u00f3is de ve\u00edculos.<\/p>\n","protected":false},"featured_media":5632,"comment_status":"open","ping_status":"closed","template":"","meta":[],"product_brand":[],"product_cat":[108],"product_tag":[],"class_list":{"0":"post-1222","1":"product","2":"type-product","3":"status-publish","4":"has-post-thumbnail","6":"product_cat-acessorios-acessorios","7":"entry","8":"has-media","10":"first","11":"instock","12":"shipping-taxable","13":"purchasable","14":"product-type-simple","15":"col","16":"span_1_of_3","17":"wvn-content-left","18":"wvn-thumbs-layout-horizontal","19":"wvn-btn-normal","20":"wvn-tabs-layout-horizontal"},"_links":{"self":[{"href":"http:\/\/www.bikeabc.com.br\/loja\/wp-json\/wp\/v2\/product\/1222","targetHints":{"allow":["GET"]}}],"collection":[{"href":"http:\/\/www.bikeabc.com.br\/loja\/wp-json\/wp\/v2\/product"}],"about":[{"href":"http:\/\/www.bikeabc.com.br\/loja\/wp-json\/wp\/v2\/types\/product"}],"replies":[{"embeddable":true,"href":"http:\/\/www.bikeabc.com.br\/loja\/wp-json\/wp\/v2\/comments?post=1222"}],"wp:featuredmedia":[{"embeddable":true,"href":"http:\/\/www.bikeabc.com.br\/loja\/wp-json\/wp\/v2\/media\/5632"}],"wp:attachment":[{"href":"http:\/\/www.bikeabc.com.br\/loja\/wp-json\/wp\/v2\/media?parent=1222"}],"wp:term":[{"taxonomy":"product_brand","embeddable":true,"href":"http:\/\/www.bikeabc.com.br\/loja\/wp-json\/wp\/v2\/product_brand?post=1222"},{"taxonomy":"product_cat","embeddable":true,"href":"http:\/\/www.bikeabc.com.br\/loja\/wp-json\/wp\/v2\/product_cat?post=1222"},{"taxonomy":"product_tag","embeddable":true,"href":"http:\/\/www.bikeabc.com.br\/loja\/wp-json\/wp\/v2\/product_tag?post=1222"}],"curies":[{"name":"wp","href":"https:\/\/api.w.org\/{rel}","templated":true}]}}