{"id":1211,"date":"2020-05-04T04:28:00","date_gmt":"2020-05-04T07:28:00","guid":{"rendered":"http:\/\/www.bikeabc.com.br\/loja\/produto\/manopla-ergonomica-mtb-elleven\/"},"modified":"2020-06-24T12:22:10","modified_gmt":"2020-06-24T15:22:10","slug":"manopla-ergonomica-mtb-elleven","status":"publish","type":"product","link":"http:\/\/www.bikeabc.com.br\/loja\/produto\/manopla-ergonomica-mtb-elleven\/","title":{"rendered":"Manopla Ergon\u00f4mica MTB Elleven"},"content":{"rendered":"<p>Manopla ergon\u00f4mica super confort\u00e1vel. Formato anat\u00f4mico melhorando o agarre e diminuindo o cansa\u00e7o das m\u00e3os.<\/p>\n","protected":false},"excerpt":{"rendered":"<p>Manopla ergon\u00f4mica super confort\u00e1vel. Formato anat\u00f4mico melhorando o agarre e diminuindo o cansa\u00e7o das m\u00e3os.<\/p>\n","protected":false},"featured_media":5623,"comment_status":"open","ping_status":"closed","template":"","meta":[],"product_brand":[],"product_cat":[108],"product_tag":[],"class_list":{"0":"post-1211","1":"product","2":"type-product","3":"status-publish","4":"has-post-thumbnail","6":"product_cat-acessorios-acessorios","7":"entry","8":"has-media","10":"first","11":"instock","12":"shipping-taxable","13":"purchasable","14":"product-type-simple","15":"col","16":"span_1_of_3","17":"wvn-content-left","18":"wvn-thumbs-layout-horizontal","19":"wvn-btn-normal","20":"wvn-tabs-layout-horizontal","21":"has-no-thumbnails"},"_links":{"self":[{"href":"http:\/\/www.bikeabc.com.br\/loja\/wp-json\/wp\/v2\/product\/1211","targetHints":{"allow":["GET"]}}],"collection":[{"href":"http:\/\/www.bikeabc.com.br\/loja\/wp-json\/wp\/v2\/product"}],"about":[{"href":"http:\/\/www.bikeabc.com.br\/loja\/wp-json\/wp\/v2\/types\/product"}],"replies":[{"embeddable":true,"href":"http:\/\/www.bikeabc.com.br\/loja\/wp-json\/wp\/v2\/comments?post=1211"}],"wp:featuredmedia":[{"embeddable":true,"href":"http:\/\/www.bikeabc.com.br\/loja\/wp-json\/wp\/v2\/media\/5623"}],"wp:attachment":[{"href":"http:\/\/www.bikeabc.com.br\/loja\/wp-json\/wp\/v2\/media?parent=1211"}],"wp:term":[{"taxonomy":"product_brand","embeddable":true,"href":"http:\/\/www.bikeabc.com.br\/loja\/wp-json\/wp\/v2\/product_brand?post=1211"},{"taxonomy":"product_cat","embeddable":true,"href":"http:\/\/www.bikeabc.com.br\/loja\/wp-json\/wp\/v2\/product_cat?post=1211"},{"taxonomy":"product_tag","embeddable":true,"href":"http:\/\/www.bikeabc.com.br\/loja\/wp-json\/wp\/v2\/product_tag?post=1211"}],"curies":[{"name":"wp","href":"https:\/\/api.w.org\/{rel}","templated":true}]}}