{"id":6488,"date":"2020-06-29T12:03:30","date_gmt":"2020-06-29T15:03:30","guid":{"rendered":"http:\/\/www.bikeabc.com.br\/loja\/?page_id=6488"},"modified":"2025-07-11T13:57:54","modified_gmt":"2025-07-11T16:57:54","slug":"a-rocomo-nossas-lojas","status":"publish","type":"page","link":"http:\/\/www.bikeabc.com.br\/loja\/a-rocomo-nossas-lojas\/","title":{"rendered":"A Rocomo &#8211; Nossas Lojas"},"content":{"rendered":"\t\t<div data-elementor-type=\"wp-post\" data-elementor-id=\"6488\" class=\"elementor elementor-6488\" data-elementor-settings=\"[]\">\n\t\t\t<div class=\"elementor-inner\">\n\t\t\t\t<div class=\"elementor-section-wrap\">\n\t\t\t\t\t\t\t<section class=\"has_ae_slider elementor-element elementor-element-090c658 elementor-section-boxed elementor-section-height-default elementor-section-height-default ae-bg-gallery-type-default elementor-section elementor-top-section\" data-id=\"090c658\" data-element_type=\"section\">\n\t\t\t\t\t\t<div class=\"elementor-container elementor-column-gap-default\">\n\t\t\t\t<div class=\"elementor-row\">\n\t\t\t\t<div class=\"has_ae_slider elementor-element elementor-element-ba8c2d4 ae-bg-gallery-type-default elementor-column elementor-col-100 elementor-top-column\" data-id=\"ba8c2d4\" data-element_type=\"column\">\n\t\t\t<div class=\"elementor-column-wrap  elementor-element-populated\">\n\t\t\t\t\t<div class=\"elementor-widget-wrap\">\n\t\t\t\t<div class=\"elementor-element elementor-element-b324b80 elementor-widget elementor-widget-heading\" data-id=\"b324b80\" data-element_type=\"widget\" data-widget_type=\"heading.default\">\n\t\t\t\t<div class=\"elementor-widget-container\">\n\t\t\t<h2 class=\"elementor-heading-title elementor-size-default\">A <span style=\"color:#076E32;font-family: 'Droid Serif';font-style: italic;\">ROCOMO<\/span><\/h2>\t\t<\/div>\n\t\t\t\t<\/div>\n\t\t\t\t\t\t<\/div>\n\t\t\t<\/div>\n\t\t<\/div>\n\t\t\t\t\t\t<\/div>\n\t\t\t<\/div>\n\t\t<\/section>\n\t\t\t\t<section class=\"has_ae_slider elementor-element elementor-element-391d9cc elementor-section-boxed elementor-section-height-default elementor-section-height-default ae-bg-gallery-type-default elementor-section elementor-top-section\" data-id=\"391d9cc\" data-element_type=\"section\">\n\t\t\t\t\t\t<div class=\"elementor-container elementor-column-gap-default\">\n\t\t\t\t<div class=\"elementor-row\">\n\t\t\t\t<div class=\"has_ae_slider elementor-element elementor-element-23f47fd ae-bg-gallery-type-default elementor-column elementor-col-100 elementor-top-column\" data-id=\"23f47fd\" data-element_type=\"column\">\n\t\t\t<div class=\"elementor-column-wrap  elementor-element-populated\">\n\t\t\t\t\t<div class=\"elementor-widget-wrap\">\n\t\t\t\t<div class=\"elementor-element elementor-element-1d6732a elementor-widget elementor-widget-heading\" data-id=\"1d6732a\" data-element_type=\"widget\" data-widget_type=\"heading.default\">\n\t\t\t\t<div class=\"elementor-widget-container\">\n\t\t\t<h2 class=\"elementor-heading-title elementor-size-default\">LOJA <font color=\"#ffa200\" face=\"Droid Serif\"><i>1<\/i><\/font><\/h2>\t\t<\/div>\n\t\t\t\t<\/div>\n\t\t\t\t<div class=\"elementor-element elementor-element-98acb89 elementor-widget elementor-widget-text-editor\" data-id=\"98acb89\" data-element_type=\"widget\" data-widget_type=\"text-editor.default\">\n\t\t\t\t<div class=\"elementor-widget-container\">\n\t\t\t\t\t<div class=\"elementor-text-editor elementor-clearfix\"><h2 style=\"text-align: center;\">S\u00c3O CAETANO DO SUL<\/h2><\/div>\n\t\t\t\t<\/div>\n\t\t\t\t<\/div>\n\t\t\t\t<div class=\"elementor-element elementor-element-5011aea elementor-widget elementor-widget-text-editor\" data-id=\"5011aea\" data-element_type=\"widget\" data-widget_type=\"text-editor.default\">\n\t\t\t\t<div class=\"elementor-widget-container\">\n\t\t\t\t\t<div class=\"elementor-text-editor elementor-clearfix\"><p style=\"text-align: center;\">(11) 4221-5212 \/ (11) 97241-7915 WhatsApp<\/p><\/div>\n\t\t\t\t<\/div>\n\t\t\t\t<\/div>\n\t\t\t\t<div class=\"elementor-element elementor-element-e9ac3fd elementor-widget elementor-widget-text-editor\" data-id=\"e9ac3fd\" data-element_type=\"widget\" data-widget_type=\"text-editor.default\">\n\t\t\t\t<div class=\"elementor-widget-container\">\n\t\t\t\t\t<div class=\"elementor-text-editor elementor-clearfix\"><p style=\"text-align: center;\">Rua Pernambuco, 453 \u2013S\u00e3o Caetano do Sul &#8211; SP &#8211; CEP:09521-140<\/p><\/div>\n\t\t\t\t<\/div>\n\t\t\t\t<\/div>\n\t\t\t\t<div class=\"elementor-element elementor-element-6ce0566 elementor-widget elementor-widget-pp-modal-popup\" data-id=\"6ce0566\" data-element_type=\"widget\" data-settings=\"{&quot;layout_type&quot;:&quot;standard&quot;,&quot;trigger&quot;:&quot;on-click&quot;,&quot;prevent_scroll&quot;:&quot;yes&quot;,&quot;close_button&quot;:&quot;yes&quot;,&quot;esc_exit&quot;:&quot;yes&quot;,&quot;click_exit&quot;:&quot;yes&quot;,&quot;popup_animation_in&quot;:&quot;mfp-zoom-in&quot;,&quot;overlay_switch&quot;:&quot;yes&quot;,&quot;close_button_position&quot;:&quot;win-top-right&quot;}\" data-widget_type=\"pp-modal-popup.default\">\n\t\t\t\t<div class=\"elementor-widget-container\">\n\t\t\t        <div id=\"pp-modal-popup-wrap-6ce0566\" class=\"pp-modal-popup-wrap\">\n            <div class=\"pp-modal-popup\" data-type=\"inline\" data-src=\"#pp-modal-popup-window-6ce0566\" data-trigger-element=\".pp-modal-popup-link-6ce0566\">\n                <span class=\"pp-modal-popup-button pp-modal-popup-link pp-modal-popup-link-6ce0566 elementor-button elementor-size-md\"><span >COMO CHEGAR? clique aqui para visualizar no Mapa<\/span><\/span>            <\/div>\n        <\/div>\n        <div class=\"pp-modal-popup-window pp-modal-popup-window-6ce0566\" id=\"pp-modal-popup-window-6ce0566\">\n                                                <div class=\"pp-popup-header\">\n                        <h2 class=\"pp-popup-title\">\n                            LOJA - S\u00c3O CAETANO DO SUL                        <\/h2>\n                    <\/div>\n                    <div class=\"pp-popup-content\" id=\"pp-popup-content\"><iframe loading=\"lazy\" src=\"https:\/\/www.google.com\/maps\/embed?pb=!1m14!1m8!1m3!1d34781.118150259135!2d-46.55929398560067!3d-23.607392066944012!3m2!1i1024!2i768!4f13.1!3m3!1m2!1s0x94ce5c8d545b0d61%3A0xe1d1d6d63a4fc879!2sR.%20Pernambuco%2C%20453%20-%20Centro%2C%20S%C3%A3o%20Caetano%20do%20Sul%20-%20SP%2C%2009521-140%2C%20Brasil!5e0!3m2!1spt-BR!2sus!4v1593532233442!5m2!1spt-BR!2sus\" width=\"600\" height=\"450\" frameborder=\"0\" style=\"border:0;\" allowfullscreen=\"\" aria-hidden=\"false\" tabindex=\"0\"><\/iframe><\/div>        <\/div><!-- .pp-modal-popup -->\n        \t\t<\/div>\n\t\t\t\t<\/div>\n\t\t\t\t<div class=\"elementor-element elementor-element-edec9d6 elementor-widget elementor-widget-wew-image-gallery\" data-id=\"edec9d6\" data-element_type=\"widget\" data-widget_type=\"wew-image-gallery.default\">\n\t\t\t\t<div class=\"elementor-widget-container\">\n\t\t\t\n\t\t<div class=\"wew-image-gallery wew-has-lightbox\">\n\t\t\t\t\t\t\t\n\t\t\t\t<div class=\"wew-gallery-item\">\n\t\t\t\t\t<a class=\"wew-gallery-item-inner no-lightbox\" href=\"http:\/\/www.bikeabc.com.br\/loja\/wp-content\/uploads\/2025\/07\/20250710_111257-scaled.jpg\" data-elementor-open-lightbox=\"no\">\n\t\t\t\t\t\t<div class=\"wew-gallery-thumbnail\">\n\t\t\t\t\t\t\t<img decoding=\"async\" src=\"http:\/\/www.bikeabc.com.br\/loja\/wp-content\/uploads\/2025\/07\/20250710_111257-768x1024.jpg\" alt=\"20250710_111257\">\n\t\t\t\t\t\t<\/div>\n\n\t\t\t\t\t\t\t\t\t\t\t\t\t<div class=\"wew-gallery-overlay wew-gallery-transition-slide-top\">\n\t\t\t\t\t\t\t\t\t\t\t\t\t\t\t\t\t<div class=\"wew-gallery-item-icon\">\n\t\t\t\t\t\t\t\t\t\t<i class=\"fa fa-eye\"><\/i>\n\t\t\t\t\t\t\t\t\t<\/div>\n\t\t\t\t\t\t\t\t\t\t\t\t\t\t\t<\/div>\n\t\t\t\t\t\t\t\t\t\t\t<\/a>\n\t\t\t\t<\/div>\n\n\t\t\t\t\t\t\t\n\t\t\t\t<div class=\"wew-gallery-item\">\n\t\t\t\t\t<a class=\"wew-gallery-item-inner no-lightbox\" href=\"http:\/\/www.bikeabc.com.br\/loja\/wp-content\/uploads\/2025\/07\/20250710_111440-scaled.jpg\" data-elementor-open-lightbox=\"no\">\n\t\t\t\t\t\t<div class=\"wew-gallery-thumbnail\">\n\t\t\t\t\t\t\t<img decoding=\"async\" src=\"http:\/\/www.bikeabc.com.br\/loja\/wp-content\/uploads\/2025\/07\/20250710_111440-768x1024.jpg\" alt=\"20250710_111440\">\n\t\t\t\t\t\t<\/div>\n\n\t\t\t\t\t\t\t\t\t\t\t\t\t<div class=\"wew-gallery-overlay wew-gallery-transition-slide-top\">\n\t\t\t\t\t\t\t\t\t\t\t\t\t\t\t\t\t<div class=\"wew-gallery-item-icon\">\n\t\t\t\t\t\t\t\t\t\t<i class=\"fa fa-eye\"><\/i>\n\t\t\t\t\t\t\t\t\t<\/div>\n\t\t\t\t\t\t\t\t\t\t\t\t\t\t\t<\/div>\n\t\t\t\t\t\t\t\t\t\t\t<\/a>\n\t\t\t\t<\/div>\n\n\t\t\t\t\t\t\t\n\t\t\t\t<div class=\"wew-gallery-item\">\n\t\t\t\t\t<a class=\"wew-gallery-item-inner no-lightbox\" href=\"http:\/\/www.bikeabc.com.br\/loja\/wp-content\/uploads\/2025\/07\/20250710_111358-scaled.jpg\" data-elementor-open-lightbox=\"no\">\n\t\t\t\t\t\t<div class=\"wew-gallery-thumbnail\">\n\t\t\t\t\t\t\t<img decoding=\"async\" src=\"http:\/\/www.bikeabc.com.br\/loja\/wp-content\/uploads\/2025\/07\/20250710_111358-768x1024.jpg\" alt=\"20250710_111358\">\n\t\t\t\t\t\t<\/div>\n\n\t\t\t\t\t\t\t\t\t\t\t\t\t<div class=\"wew-gallery-overlay wew-gallery-transition-slide-top\">\n\t\t\t\t\t\t\t\t\t\t\t\t\t\t\t\t\t<div class=\"wew-gallery-item-icon\">\n\t\t\t\t\t\t\t\t\t\t<i class=\"fa fa-eye\"><\/i>\n\t\t\t\t\t\t\t\t\t<\/div>\n\t\t\t\t\t\t\t\t\t\t\t\t\t\t\t<\/div>\n\t\t\t\t\t\t\t\t\t\t\t<\/a>\n\t\t\t\t<\/div>\n\n\t\t\t\t\t\t\t\n\t\t\t\t<div class=\"wew-gallery-item\">\n\t\t\t\t\t<a class=\"wew-gallery-item-inner no-lightbox\" href=\"http:\/\/www.bikeabc.com.br\/loja\/wp-content\/uploads\/2025\/07\/20250710_111918-scaled.jpg\" data-elementor-open-lightbox=\"no\">\n\t\t\t\t\t\t<div class=\"wew-gallery-thumbnail\">\n\t\t\t\t\t\t\t<img decoding=\"async\" src=\"http:\/\/www.bikeabc.com.br\/loja\/wp-content\/uploads\/2025\/07\/20250710_111918-768x1024.jpg\" alt=\"20250710_111918\">\n\t\t\t\t\t\t<\/div>\n\n\t\t\t\t\t\t\t\t\t\t\t\t\t<div class=\"wew-gallery-overlay wew-gallery-transition-slide-top\">\n\t\t\t\t\t\t\t\t\t\t\t\t\t\t\t\t\t<div class=\"wew-gallery-item-icon\">\n\t\t\t\t\t\t\t\t\t\t<i class=\"fa fa-eye\"><\/i>\n\t\t\t\t\t\t\t\t\t<\/div>\n\t\t\t\t\t\t\t\t\t\t\t\t\t\t\t<\/div>\n\t\t\t\t\t\t\t\t\t\t\t<\/a>\n\t\t\t\t<\/div>\n\n\t\t\t\t\t<\/div>\n\n\t\t\t<\/div>\n\t\t\t\t<\/div>\n\t\t\t\t\t\t<\/div>\n\t\t\t<\/div>\n\t\t<\/div>\n\t\t\t\t\t\t<\/div>\n\t\t\t<\/div>\n\t\t<\/section>\n\t\t\t\t<section class=\"has_ae_slider elementor-element elementor-element-1566052 elementor-section-boxed elementor-section-height-default elementor-section-height-default ae-bg-gallery-type-default elementor-section elementor-top-section\" data-id=\"1566052\" data-element_type=\"section\">\n\t\t\t\t\t\t<div class=\"elementor-container elementor-column-gap-default\">\n\t\t\t\t<div class=\"elementor-row\">\n\t\t\t\t<div class=\"has_ae_slider elementor-element elementor-element-607d058 ae-bg-gallery-type-default elementor-column elementor-col-100 elementor-top-column\" data-id=\"607d058\" data-element_type=\"column\">\n\t\t\t<div class=\"elementor-column-wrap  elementor-element-populated\">\n\t\t\t\t\t<div class=\"elementor-widget-wrap\">\n\t\t\t\t<div class=\"elementor-element elementor-element-ba49dd9 elementor-widget elementor-widget-heading\" data-id=\"ba49dd9\" data-element_type=\"widget\" data-widget_type=\"heading.default\">\n\t\t\t\t<div class=\"elementor-widget-container\">\n\t\t\t<h2 class=\"elementor-heading-title elementor-size-default\">LOJA <font color=\"#ffa200\" face=\"Droid Serif\"><i>2<\/i><\/font><\/h2>\t\t<\/div>\n\t\t\t\t<\/div>\n\t\t\t\t<div class=\"elementor-element elementor-element-c3c6763 elementor-widget elementor-widget-text-editor\" data-id=\"c3c6763\" data-element_type=\"widget\" data-widget_type=\"text-editor.default\">\n\t\t\t\t<div class=\"elementor-widget-container\">\n\t\t\t\t\t<div class=\"elementor-text-editor elementor-clearfix\"><h2 style=\"text-align: center;\">RIBEIR\u00c3O PIRES<\/h2><\/div>\n\t\t\t\t<\/div>\n\t\t\t\t<\/div>\n\t\t\t\t<div class=\"elementor-element elementor-element-a11b6bb elementor-widget elementor-widget-text-editor\" data-id=\"a11b6bb\" data-element_type=\"widget\" data-widget_type=\"text-editor.default\">\n\t\t\t\t<div class=\"elementor-widget-container\">\n\t\t\t\t\t<div class=\"elementor-text-editor elementor-clearfix\"><p style=\"text-align: center;\">(11) 4827-7111 \/ (11) 96370-2797 WhatsApp<\/p><\/div>\n\t\t\t\t<\/div>\n\t\t\t\t<\/div>\n\t\t\t\t<div class=\"elementor-element elementor-element-e54e7a1 elementor-widget elementor-widget-text-editor\" data-id=\"e54e7a1\" data-element_type=\"widget\" data-widget_type=\"text-editor.default\">\n\t\t\t\t<div class=\"elementor-widget-container\">\n\t\t\t\t\t<div class=\"elementor-text-editor elementor-clearfix\"><p style=\"text-align: center;\">Rua Miguel Prisco, 140 &#8211; Centro Ribeir\u00e3o Pires &#8211; SP &#8211; CEP: 09400-110<\/p><\/div>\n\t\t\t\t<\/div>\n\t\t\t\t<\/div>\n\t\t\t\t<div class=\"elementor-element elementor-element-04191fd elementor-widget elementor-widget-pp-modal-popup\" data-id=\"04191fd\" data-element_type=\"widget\" data-settings=\"{&quot;layout_type&quot;:&quot;standard&quot;,&quot;trigger&quot;:&quot;on-click&quot;,&quot;prevent_scroll&quot;:&quot;yes&quot;,&quot;close_button&quot;:&quot;yes&quot;,&quot;esc_exit&quot;:&quot;yes&quot;,&quot;click_exit&quot;:&quot;yes&quot;,&quot;popup_animation_in&quot;:&quot;mfp-zoom-in&quot;,&quot;overlay_switch&quot;:&quot;yes&quot;,&quot;close_button_position&quot;:&quot;win-top-right&quot;}\" data-widget_type=\"pp-modal-popup.default\">\n\t\t\t\t<div class=\"elementor-widget-container\">\n\t\t\t        <div id=\"pp-modal-popup-wrap-04191fd\" class=\"pp-modal-popup-wrap\">\n            <div class=\"pp-modal-popup\" data-type=\"inline\" data-src=\"#pp-modal-popup-window-04191fd\" data-trigger-element=\".pp-modal-popup-link-04191fd\">\n                <span class=\"pp-modal-popup-button pp-modal-popup-link pp-modal-popup-link-04191fd elementor-button elementor-size-md\"><span >COMO CHEGAR? clique aqui para visualizar no Mapa<\/span><\/span>            <\/div>\n        <\/div>\n        <div class=\"pp-modal-popup-window pp-modal-popup-window-04191fd\" id=\"pp-modal-popup-window-04191fd\">\n                                                <div class=\"pp-popup-header\">\n                        <h2 class=\"pp-popup-title\">\n                            LOJA - RIBEIR\u00c3O PIRES                        <\/h2>\n                    <\/div>\n                    <div class=\"pp-popup-content\" id=\"pp-popup-content\"><iframe loading=\"lazy\" src=\"https:\/\/www.google.com\/maps\/embed?pb=!1m18!1m12!1m3!1d3653.0479575572367!2d-46.41611038524076!3d-23.709981384609268!2m3!1f0!2f0!3f0!3m2!1i1024!2i768!4f13.1!3m3!1m2!1s0x94ce6cee3cd56ae3%3A0x942afd2049504c1a!2sR.%20Miguel%20Prisco%2C%20140%20-%20Centro%2C%20Ribeir%C3%A3o%20Pires%20-%20SP%2C%2009400-110%2C%20Brasil!5e0!3m2!1spt-BR!2sus!4v1593458137835!5m2!1spt-BR!2sus\" width=\"600\" height=\"450\" frameborder=\"0\" style=\"border:0;\" allowfullscreen=\"\" aria-hidden=\"false\" tabindex=\"0\"><\/iframe><\/div>        <\/div><!-- .pp-modal-popup -->\n        \t\t<\/div>\n\t\t\t\t<\/div>\n\t\t\t\t<div class=\"elementor-element elementor-element-965c77d elementor-widget elementor-widget-wew-image-gallery\" data-id=\"965c77d\" data-element_type=\"widget\" data-widget_type=\"wew-image-gallery.default\">\n\t\t\t\t<div class=\"elementor-widget-container\">\n\t\t\t\n\t\t<div class=\"wew-image-gallery wew-has-lightbox\">\n\t\t\t\t\t\t\t\n\t\t\t\t<div class=\"wew-gallery-item\">\n\t\t\t\t\t<a class=\"wew-gallery-item-inner no-lightbox\" href=\"http:\/\/www.bikeabc.com.br\/loja\/wp-content\/uploads\/2025\/07\/WhatsApp-Image-2025-07-08-at-10.52.06.jpeg\" data-elementor-open-lightbox=\"no\">\n\t\t\t\t\t\t<div class=\"wew-gallery-thumbnail\">\n\t\t\t\t\t\t\t<img decoding=\"async\" src=\"http:\/\/www.bikeabc.com.br\/loja\/wp-content\/uploads\/2025\/07\/WhatsApp-Image-2025-07-08-at-10.52.06.jpeg\" alt=\"WhatsApp Image 2025-07-08 at 10.52.06\">\n\t\t\t\t\t\t<\/div>\n\n\t\t\t\t\t\t\t\t\t\t\t\t\t<div class=\"wew-gallery-overlay wew-gallery-transition-slide-top\">\n\t\t\t\t\t\t\t\t\t\t\t\t\t\t\t\t\t<div class=\"wew-gallery-item-icon\">\n\t\t\t\t\t\t\t\t\t\t<i class=\"fa fa-eye\"><\/i>\n\t\t\t\t\t\t\t\t\t<\/div>\n\t\t\t\t\t\t\t\t\t\t\t\t\t\t\t<\/div>\n\t\t\t\t\t\t\t\t\t\t\t<\/a>\n\t\t\t\t<\/div>\n\n\t\t\t\t\t\t\t\n\t\t\t\t<div class=\"wew-gallery-item\">\n\t\t\t\t\t<a class=\"wew-gallery-item-inner no-lightbox\" href=\"http:\/\/www.bikeabc.com.br\/loja\/wp-content\/uploads\/2025\/07\/WhatsApp-Image-2025-07-08-at-10.52.25.jpeg\" data-elementor-open-lightbox=\"no\">\n\t\t\t\t\t\t<div class=\"wew-gallery-thumbnail\">\n\t\t\t\t\t\t\t<img decoding=\"async\" src=\"http:\/\/www.bikeabc.com.br\/loja\/wp-content\/uploads\/2025\/07\/WhatsApp-Image-2025-07-08-at-10.52.25.jpeg\" alt=\"WhatsApp Image 2025-07-08 at 10.52.25\">\n\t\t\t\t\t\t<\/div>\n\n\t\t\t\t\t\t\t\t\t\t\t\t\t<div class=\"wew-gallery-overlay wew-gallery-transition-slide-top\">\n\t\t\t\t\t\t\t\t\t\t\t\t\t\t\t\t\t<div class=\"wew-gallery-item-icon\">\n\t\t\t\t\t\t\t\t\t\t<i class=\"fa fa-eye\"><\/i>\n\t\t\t\t\t\t\t\t\t<\/div>\n\t\t\t\t\t\t\t\t\t\t\t\t\t\t\t<\/div>\n\t\t\t\t\t\t\t\t\t\t\t<\/a>\n\t\t\t\t<\/div>\n\n\t\t\t\t\t\t\t\n\t\t\t\t<div class=\"wew-gallery-item\">\n\t\t\t\t\t<a class=\"wew-gallery-item-inner no-lightbox\" href=\"http:\/\/www.bikeabc.com.br\/loja\/wp-content\/uploads\/2025\/07\/WhatsApp-Image-2025-07-08-at-10.52.49.jpeg\" data-elementor-open-lightbox=\"no\">\n\t\t\t\t\t\t<div class=\"wew-gallery-thumbnail\">\n\t\t\t\t\t\t\t<img decoding=\"async\" src=\"http:\/\/www.bikeabc.com.br\/loja\/wp-content\/uploads\/2025\/07\/WhatsApp-Image-2025-07-08-at-10.52.49-768x952.jpeg\" alt=\"WhatsApp Image 2025-07-08 at 10.52.49\">\n\t\t\t\t\t\t<\/div>\n\n\t\t\t\t\t\t\t\t\t\t\t\t\t<div class=\"wew-gallery-overlay wew-gallery-transition-slide-top\">\n\t\t\t\t\t\t\t\t\t\t\t\t\t\t\t\t\t<div class=\"wew-gallery-item-icon\">\n\t\t\t\t\t\t\t\t\t\t<i class=\"fa fa-eye\"><\/i>\n\t\t\t\t\t\t\t\t\t<\/div>\n\t\t\t\t\t\t\t\t\t\t\t\t\t\t\t<\/div>\n\t\t\t\t\t\t\t\t\t\t\t<\/a>\n\t\t\t\t<\/div>\n\n\t\t\t\t\t\t\t\n\t\t\t\t<div class=\"wew-gallery-item\">\n\t\t\t\t\t<a class=\"wew-gallery-item-inner no-lightbox\" href=\"http:\/\/www.bikeabc.com.br\/loja\/wp-content\/uploads\/2025\/07\/WhatsApp-Image-2025-07-08-at-10.53.28.jpeg\" data-elementor-open-lightbox=\"no\">\n\t\t\t\t\t\t<div class=\"wew-gallery-thumbnail\">\n\t\t\t\t\t\t\t<img decoding=\"async\" src=\"http:\/\/www.bikeabc.com.br\/loja\/wp-content\/uploads\/2025\/07\/WhatsApp-Image-2025-07-08-at-10.53.28-768x432.jpeg\" alt=\"WhatsApp Image 2025-07-08 at 10.53.28\">\n\t\t\t\t\t\t<\/div>\n\n\t\t\t\t\t\t\t\t\t\t\t\t\t<div class=\"wew-gallery-overlay wew-gallery-transition-slide-top\">\n\t\t\t\t\t\t\t\t\t\t\t\t\t\t\t\t\t<div class=\"wew-gallery-item-icon\">\n\t\t\t\t\t\t\t\t\t\t<i class=\"fa fa-eye\"><\/i>\n\t\t\t\t\t\t\t\t\t<\/div>\n\t\t\t\t\t\t\t\t\t\t\t\t\t\t\t<\/div>\n\t\t\t\t\t\t\t\t\t\t\t<\/a>\n\t\t\t\t<\/div>\n\n\t\t\t\t\t\t\t\n\t\t\t\t<div class=\"wew-gallery-item\">\n\t\t\t\t\t<a class=\"wew-gallery-item-inner no-lightbox\" href=\"http:\/\/www.bikeabc.com.br\/loja\/wp-content\/uploads\/2025\/07\/WhatsApp-Image-2025-07-08-at-10.54.32.jpeg\" data-elementor-open-lightbox=\"no\">\n\t\t\t\t\t\t<div class=\"wew-gallery-thumbnail\">\n\t\t\t\t\t\t\t<img decoding=\"async\" src=\"http:\/\/www.bikeabc.com.br\/loja\/wp-content\/uploads\/2025\/07\/WhatsApp-Image-2025-07-08-at-10.54.32.jpeg\" alt=\"WhatsApp Image 2025-07-08 at 10.54.32\">\n\t\t\t\t\t\t<\/div>\n\n\t\t\t\t\t\t\t\t\t\t\t\t\t<div class=\"wew-gallery-overlay wew-gallery-transition-slide-top\">\n\t\t\t\t\t\t\t\t\t\t\t\t\t\t\t\t\t<div class=\"wew-gallery-item-icon\">\n\t\t\t\t\t\t\t\t\t\t<i class=\"fa fa-eye\"><\/i>\n\t\t\t\t\t\t\t\t\t<\/div>\n\t\t\t\t\t\t\t\t\t\t\t\t\t\t\t<\/div>\n\t\t\t\t\t\t\t\t\t\t\t<\/a>\n\t\t\t\t<\/div>\n\n\t\t\t\t\t\t\t\n\t\t\t\t<div class=\"wew-gallery-item\">\n\t\t\t\t\t<a class=\"wew-gallery-item-inner no-lightbox\" href=\"http:\/\/www.bikeabc.com.br\/loja\/wp-content\/uploads\/2025\/07\/WhatsApp-Image-2025-07-08-at-10.54.52.jpeg\" data-elementor-open-lightbox=\"no\">\n\t\t\t\t\t\t<div class=\"wew-gallery-thumbnail\">\n\t\t\t\t\t\t\t<img decoding=\"async\" src=\"http:\/\/www.bikeabc.com.br\/loja\/wp-content\/uploads\/2025\/07\/WhatsApp-Image-2025-07-08-at-10.54.52-768x545.jpeg\" alt=\"WhatsApp Image 2025-07-08 at 10.54.52\">\n\t\t\t\t\t\t<\/div>\n\n\t\t\t\t\t\t\t\t\t\t\t\t\t<div class=\"wew-gallery-overlay wew-gallery-transition-slide-top\">\n\t\t\t\t\t\t\t\t\t\t\t\t\t\t\t\t\t<div class=\"wew-gallery-item-icon\">\n\t\t\t\t\t\t\t\t\t\t<i class=\"fa fa-eye\"><\/i>\n\t\t\t\t\t\t\t\t\t<\/div>\n\t\t\t\t\t\t\t\t\t\t\t\t\t\t\t<\/div>\n\t\t\t\t\t\t\t\t\t\t\t<\/a>\n\t\t\t\t<\/div>\n\n\t\t\t\t\t<\/div>\n\n\t\t\t<\/div>\n\t\t\t\t<\/div>\n\t\t\t\t\t\t<\/div>\n\t\t\t<\/div>\n\t\t<\/div>\n\t\t\t\t\t\t<\/div>\n\t\t\t<\/div>\n\t\t<\/section>\n\t\t\t\t\t\t<\/div>\n\t\t\t<\/div>\n\t\t<\/div>\n\t\t","protected":false},"excerpt":{"rendered":"<p>A ROCOMO LOJA 1 S\u00c3O CAETANO DO SUL (11) 4221-5212 \/ (11) 97241-7915 WhatsApp Rua Pernambuco, 453 \u2013S\u00e3o Caetano do Sul &#8211; SP &#8211; CEP:09521-140 COMO CHEGAR? clique aqui para visualizar no Mapa LOJA &#8211; S\u00c3O CAETANO DO SUL LOJA 2 RIBEIR\u00c3O PIRES (11) 4827-7111 \/ (11) 96370-2797 WhatsApp Rua Miguel Prisco, 140 &#8211; Centro [&hellip;]<\/p>\n","protected":false},"author":1,"featured_media":0,"parent":0,"menu_order":0,"comment_status":"closed","ping_status":"closed","template":"","meta":{"footnotes":""},"yst_prominent_words":[],"class_list":["post-6488","page","type-page","status-publish","hentry","entry","wvn-thumbs-layout-horizontal","wvn-btn-normal","wvn-tabs-layout-horizontal","has-no-thumbnails"],"_links":{"self":[{"href":"http:\/\/www.bikeabc.com.br\/loja\/wp-json\/wp\/v2\/pages\/6488","targetHints":{"allow":["GET"]}}],"collection":[{"href":"http:\/\/www.bikeabc.com.br\/loja\/wp-json\/wp\/v2\/pages"}],"about":[{"href":"http:\/\/www.bikeabc.com.br\/loja\/wp-json\/wp\/v2\/types\/page"}],"author":[{"embeddable":true,"href":"http:\/\/www.bikeabc.com.br\/loja\/wp-json\/wp\/v2\/users\/1"}],"replies":[{"embeddable":true,"href":"http:\/\/www.bikeabc.com.br\/loja\/wp-json\/wp\/v2\/comments?post=6488"}],"version-history":[{"count":46,"href":"http:\/\/www.bikeabc.com.br\/loja\/wp-json\/wp\/v2\/pages\/6488\/revisions"}],"predecessor-version":[{"id":7226,"href":"http:\/\/www.bikeabc.com.br\/loja\/wp-json\/wp\/v2\/pages\/6488\/revisions\/7226"}],"wp:attachment":[{"href":"http:\/\/www.bikeabc.com.br\/loja\/wp-json\/wp\/v2\/media?parent=6488"}],"wp:term":[{"taxonomy":"yst_prominent_words","embeddable":true,"href":"http:\/\/www.bikeabc.com.br\/loja\/wp-json\/wp\/v2\/yst_prominent_words?post=6488"}],"curies":[{"name":"wp","href":"https:\/\/api.w.org\/{rel}","templated":true}]}}